{"id":2494,"date":"2023-08-21T08:02:32","date_gmt":"2023-08-21T08:02:32","guid":{"rendered":"https:\/\/healthcademia.com\/privacy-policy\/"},"modified":"2025-11-03T12:22:31","modified_gmt":"2025-11-03T12:22:31","slug":"politica-de-privacidad","status":"publish","type":"page","link":"https:\/\/healthcademia.com\/es\/politica-de-privacidad\/","title":{"rendered":"Pol\u00edtica de privacidad"},"content":{"rendered":"\n<h4><b>Pol\u00edtica de privacidad<\/b><\/h4>\n\n\n\n<p><\/p>\n\n\n\n<p><strong>1. INFORMACI\u00d3N DEL USUARIO<\/strong><\/p>\n\n\n\n<p><strong>\u00bfQui\u00e9n es el responsable del tratamiento de sus datos personales?<\/strong><\/p>\n\n\n\n<p><strong>AGORA BIDCO<\/strong> y el resto de las empresas que forman parte de HEALTHCADEMIA, que puede consultar en nuestro Aviso Legal, tratamos tus datos como corresponsables del tratamiento. Esto quiere decir que hemos regulado y nos hacemos cargo conjuntamente de tratar y proteger tus datos personales.<\/p>\n\n\n\n<p><strong>Por qu\u00e9 tratamos tus datos personales?<\/strong><\/p>\n\n\n\n<p>Para mantener una relaci\u00f3n comercial con el usuario. Los tratamientos previstos son:<\/p>\n\n\n\n<ul class=\"wp-block-list\">\n<li>Env\u00edo de comunicaciones comerciales publicitarias por correo electr\u00f3nico o por cualquier otro medio electr\u00f3nico o f\u00edsico, presente o futuro, que posibilite realizar comunicaciones comerciales. Estas comunicaciones ser\u00e1n realizadas por parte del RESPONSABLE o de las empresas de su grupo y estar\u00e1n relacionadas con sus productos y servicios, o de sus colaboradores o proveedores, con los que \u00e9ste haya alcanzado alg\u00fan acuerdo de promoci\u00f3n. En este caso, los terceros nunca tendr\u00e1n acceso a los datos personales.<\/li>\n\n\n\n<li>Realizar estudios de mercado y an\u00e1lisis estad\u00edsticos.<\/li>\n\n\n\n<li>Ofrecer productos y servicios y enviar invitaciones a posibles formaciones, webinars y eventos, siempre relacionados con los servicios y con la finalidad del tratamiento.<\/li>\n\n\n\n<li>Tramitar encargos, solicitudes, responder a consultas o cualquier tipo de petici\u00f3n realizada por el USUARIO a trav\u00e9s de cualquiera de las formas de contacto disponibles en el sitio web del RESPONSABLE.<\/li>\n\n\n\n<li>Enviar el bolet\u00edn online sobre novedades, ofertas y promociones en nuestra actividad.<\/li>\n<\/ul>\n\n\n\n<p><strong>\u00bfPor qu\u00e9 podemos tratar sus datos personales?<\/strong><\/p>\n\n\n\n<p>Porque el tratamiento est\u00e1 legitimado por el art\u00edculo 6 del GDPR de la siguiente manera:<\/p>\n\n\n\n<ul class=\"wp-block-list\">\n<li>Con el consentimiento del USUARIO: env\u00edo de comunicaciones comerciales y la newsletter.<\/li>\n\n\n\n<li>En inter\u00e9s leg\u00edtimo del RESPONSABLE: realizar estudios de mercado, an\u00e1lisis estad\u00edsticos, etc. y tramitar pedidos, solicitudes, etc. a petici\u00f3n del USUARIO.<\/li>\n<\/ul>\n\n\n\n<p><strong>\u00bfDurante cu\u00e1nto tiempo conservaremos sus datos personales?<\/strong><\/p>\n\n\n\n<p>Los datos se conservar\u00e1n durante un plazo no superior al necesario para el mantenimiento de la finalidad del tratamiento o mientras existan prescripciones legales que determinen su custodia, y cuando dicha finalidad deje de ser necesaria se proceder\u00e1 a su supresi\u00f3n con las medidas de seguridad adecuadas para garantizar la anonimizaci\u00f3n de los datos o su destrucci\u00f3n total.<\/p>\n\n\n\n<p><strong>\u00bfA qui\u00e9n revelamos sus datos personales?<\/strong><\/p>\n\n\n\n<p>Est\u00e1 prevista la cesi\u00f3n de datos a empresas del grupo en el \u00e1mbito de la UE para la misma finalidad u obligaci\u00f3n legal, y en caso de ser necesario para el desarrollo y ejecuci\u00f3n de los fines del tratamiento, a nuestros proveedores de servicios relacionados con las comunicaciones, con los que el RESPONSABLE haya suscrito los contratos de confidencialidad y encargado del tratamiento de datos exigidos por la normativa vigente en materia de privacidad. Los datos podr\u00e1n ser cedidos a empresas del grupo ubicadas en LATAM y el tratamiento de los datos se llevar\u00e1 a cabo, en su caso, conforme a la normativa de protecci\u00f3n de datos vigente en los correspondientes pa\u00edses. Esta informaci\u00f3n estar\u00e1 disponible en la p\u00e1gina web. La transmisi\u00f3n de datos dentro de un GRUPO EMPRESARIAL con fines administrativos, laborales o comerciales no se considera una cesi\u00f3n de datos a los DESTINATARIOS, por lo que no ser\u00e1 obligatorio informar de ello en la informaci\u00f3n que se facilite al INTERESADO. La relaci\u00f3n de empresas del grupo se informar\u00e1 en documento aparte en la p\u00e1gina web o en alg\u00fan apartado de la misma.<\/p>\n\n\n\n<p><strong>\u00bfCu\u00e1les son sus derechos?<\/strong><\/p>\n\n\n\n<p>Los derechos del USUARIO son:<\/p>\n\n\n\n<ul class=\"wp-block-list\">\n<li>Derecho a retirar el consentimiento en cualquier momento.<\/li>\n\n\n\n<li>Derecho de acceso, rectificaci\u00f3n, portabilidad y supresi\u00f3n de sus datos, as\u00ed como la limitaci\u00f3n u oposici\u00f3n a su tratamiento.<\/li>\n\n\n\n<li>Derecho a presentar una reclamaci\u00f3n ante la Autoridad de Control espa\u00f1ola (www.aepd.es) si considera que el tratamiento no se ajusta a la legislaci\u00f3n vigente.<\/li>\n<\/ul>\n\n\n\n<p><strong>Datos de contacto para el ejercicio de los derechos:<\/strong><\/p>\n\n\n\n<p>AGORA BIDCO. BOULEVARD VAUGIRARD, 30-32 &#8211; 75015 PAR\u00cdS. Correo electr\u00f3nico:  <a href=\"mailto:dpo@healthcademia.com\">dpo@healthcademia.com<\/a><\/p>\n\n\n\n<p><strong>2. CAR\u00c1CTER OBLIGATORIO O FACULTATIVO DE LA INFORMACI\u00d3N FACILITADA POR EL USUARIO<\/strong><\/p>\n\n\n\n<p>Los USUARIOS, mediante la marcaci\u00f3n de las casillas correspondientes y la introducci\u00f3n de datos en los campos, marcados con un asterisco (*) en el formulario de contacto o formularios de descarga, aceptan expresamente y de forma libre e inequ\u00edvoca que sus datos son necesarios para que el proveedor pueda atender su solicitud, facilitando voluntariamente sus datos en los campos restantes. El USUARIO garantiza que los datos personales facilitados al RESPONSABLE son veraces y se hace responsable de comunicar al mismo cualquier modificaci\u00f3n de los mismos.<\/p>\n\n\n\n<p>El RESPONSABLE informa que todos los datos solicitados a trav\u00e9s del sitio web son obligatorios, ya que son necesarios para la prestaci\u00f3n de un servicio \u00f3ptimo al USUARIO. En caso de que no sean facilitados todos los datos, no se garantiza que la informaci\u00f3n y servicios facilitados sean completamente ajustados a las necesidades del Usuario.<\/p>\n\n\n\n<p><strong>3. MEDIDAS DE SEGURIDAD<\/strong><\/p>\n\n\n\n<p>Que de conformidad con lo dispuesto en la normativa vigente en materia de protecci\u00f3n de datos de car\u00e1cter personal, el RESPONSABLE est\u00e1 cumpliendo con todo lo dispuesto en el GDPR y en la normativa LOPDGDD para el tratamiento de los datos personales de los que es responsable, y est\u00e1 cumpliendo manifiestamente con los principios descritos en el art\u00edculo 5 del GDPR, por los que son tratados de manera l\u00edcita, leal y transparente en relaci\u00f3n con el interesado y adecuados, pertinentes y limitados a lo necesario en relaci\u00f3n con los fines para los que son tratados.<\/p>\n\n\n\n<p>El RESPONSABLE garantiza que se han implementado todas las pol\u00edticas t\u00e9cnicas y organizativas apropiadas para aplicar las medidas de seguridad establecidas por el GDPR y la LOPDGDD con el fin de proteger los derechos y libertades de los USUARIOS y les ha comunicado la informaci\u00f3n adecuada para que puedan ejercerlos.<\/p>\n\n\n\n<p>Para m\u00e1s informaci\u00f3n sobre las garant\u00edas de privacidad, puede contactar con el RESPONSABLE a trav\u00e9s de AGORA BIDCO. BOULEVARD VAUGIRARD, 30-32 &#8211; 75015 PAR\u00cdS . Correo electr\u00f3nico:  <a href=\"mailto:dpo@healthcademia.com\">dpo@healthcademia.com<\/a><\/p>\n\n\n\n<div style=\"height:64px\" aria-hidden=\"true\" class=\"wp-block-spacer\"><\/div>\n","protected":false},"excerpt":{"rendered":"<p>Pol\u00edtica de privacidad 1. INFORMACI\u00d3N DEL USUARIO \u00bfQui\u00e9n es el responsable del tratamiento de sus datos personales? AGORA BIDCO y el resto de las empresas que forman parte de HEALTHCADEMIA, que puede consultar en nuestro Aviso Legal, tratamos tus datos como corresponsables del tratamiento. Esto quiere decir que hemos regulado y nos hacemos cargo conjuntamente [&hellip;]<\/p>\n","protected":false},"author":3,"featured_media":0,"parent":0,"menu_order":0,"comment_status":"closed","ping_status":"open","template":"","meta":{"_acf_changed":false,"_monsterinsights_skip_tracking":false,"_monsterinsights_sitenote_active":false,"_monsterinsights_sitenote_note":"","_monsterinsights_sitenote_category":0,"footnotes":""},"class_list":["post-2494","page","type-page","status-publish","hentry"],"acf":[],"yoast_head":"<!-- This site is optimized with the Yoast SEO plugin v27.4 - https:\/\/yoast.com\/product\/yoast-seo-wordpress\/ -->\n<title>Pol\u00edtica de privacidad - Healthcademia<\/title>\n<meta name=\"robots\" content=\"index, follow, max-snippet:-1, max-image-preview:large, max-video-preview:-1\" \/>\n<link rel=\"canonical\" href=\"https:\/\/healthcademia.com\/es\/politica-de-privacidad\/\" \/>\n<meta property=\"og:locale\" content=\"es_ES\" \/>\n<meta property=\"og:type\" content=\"article\" \/>\n<meta property=\"og:title\" content=\"Pol\u00edtica de privacidad - Healthcademia\" \/>\n<meta property=\"og:description\" content=\"Pol\u00edtica de privacidad 1. INFORMACI\u00d3N DEL USUARIO \u00bfQui\u00e9n es el responsable del tratamiento de sus datos personales? AGORA BIDCO y el resto de las empresas que forman parte de HEALTHCADEMIA, que puede consultar en nuestro Aviso Legal, tratamos tus datos como corresponsables del tratamiento. Esto quiere decir que hemos regulado y nos hacemos cargo conjuntamente [&hellip;]\" \/>\n<meta property=\"og:url\" content=\"https:\/\/healthcademia.com\/es\/politica-de-privacidad\/\" \/>\n<meta property=\"og:site_name\" content=\"Healthcademia\" \/>\n<meta property=\"article:modified_time\" content=\"2025-11-03T12:22:31+00:00\" \/>\n<meta name=\"twitter:card\" content=\"summary_large_image\" \/>\n<meta name=\"twitter:label1\" content=\"Tiempo de lectura\" \/>\n\t<meta name=\"twitter:data1\" content=\"5 minutos\" \/>\n<script type=\"application\/ld+json\" class=\"yoast-schema-graph\">{\"@context\":\"https:\\\/\\\/schema.org\",\"@graph\":[{\"@type\":\"WebPage\",\"@id\":\"https:\\\/\\\/healthcademia.com\\\/es\\\/politica-de-privacidad\\\/\",\"url\":\"https:\\\/\\\/healthcademia.com\\\/es\\\/politica-de-privacidad\\\/\",\"name\":\"Pol\u00edtica de privacidad - Healthcademia\",\"isPartOf\":{\"@id\":\"https:\\\/\\\/healthcademia.com\\\/#website\"},\"datePublished\":\"2023-08-21T08:02:32+00:00\",\"dateModified\":\"2025-11-03T12:22:31+00:00\",\"breadcrumb\":{\"@id\":\"https:\\\/\\\/healthcademia.com\\\/es\\\/politica-de-privacidad\\\/#breadcrumb\"},\"inLanguage\":\"es\",\"potentialAction\":[{\"@type\":\"ReadAction\",\"target\":[\"https:\\\/\\\/healthcademia.com\\\/es\\\/politica-de-privacidad\\\/\"]}]},{\"@type\":\"BreadcrumbList\",\"@id\":\"https:\\\/\\\/healthcademia.com\\\/es\\\/politica-de-privacidad\\\/#breadcrumb\",\"itemListElement\":[{\"@type\":\"ListItem\",\"position\":1,\"name\":\"Home\",\"item\":\"https:\\\/\\\/healthcademia.com\\\/es\\\/\"},{\"@type\":\"ListItem\",\"position\":2,\"name\":\"Pol\u00edtica de privacidad\"}]},{\"@type\":\"WebSite\",\"@id\":\"https:\\\/\\\/healthcademia.com\\\/#website\",\"url\":\"https:\\\/\\\/healthcademia.com\\\/\",\"name\":\"Healthcademia\",\"description\":\"\",\"publisher\":{\"@id\":\"https:\\\/\\\/healthcademia.com\\\/#organization\"},\"potentialAction\":[{\"@type\":\"SearchAction\",\"target\":{\"@type\":\"EntryPoint\",\"urlTemplate\":\"https:\\\/\\\/healthcademia.com\\\/?s={search_term_string}\"},\"query-input\":{\"@type\":\"PropertyValueSpecification\",\"valueRequired\":true,\"valueName\":\"search_term_string\"}}],\"inLanguage\":\"es\"},{\"@type\":\"Organization\",\"@id\":\"https:\\\/\\\/healthcademia.com\\\/#organization\",\"name\":\"Healthcademia\",\"url\":\"https:\\\/\\\/healthcademia.com\\\/\",\"logo\":{\"@type\":\"ImageObject\",\"inLanguage\":\"es\",\"@id\":\"https:\\\/\\\/healthcademia.com\\\/#\\\/schema\\\/logo\\\/image\\\/\",\"url\":\"https:\\\/\\\/healthcademia.com\\\/wp-content\\\/uploads\\\/2023\\\/08\\\/healthcademia-color-positivo.png\",\"contentUrl\":\"https:\\\/\\\/healthcademia.com\\\/wp-content\\\/uploads\\\/2023\\\/08\\\/healthcademia-color-positivo.png\",\"width\":1807,\"height\":661,\"caption\":\"Healthcademia\"},\"image\":{\"@id\":\"https:\\\/\\\/healthcademia.com\\\/#\\\/schema\\\/logo\\\/image\\\/\"}}]}<\/script>\n<!-- \/ Yoast SEO plugin. -->","yoast_head_json":{"title":"Pol\u00edtica de privacidad - Healthcademia","robots":{"index":"index","follow":"follow","max-snippet":"max-snippet:-1","max-image-preview":"max-image-preview:large","max-video-preview":"max-video-preview:-1"},"canonical":"https:\/\/healthcademia.com\/es\/politica-de-privacidad\/","og_locale":"es_ES","og_type":"article","og_title":"Pol\u00edtica de privacidad - Healthcademia","og_description":"Pol\u00edtica de privacidad 1. INFORMACI\u00d3N DEL USUARIO \u00bfQui\u00e9n es el responsable del tratamiento de sus datos personales? AGORA BIDCO y el resto de las empresas que forman parte de HEALTHCADEMIA, que puede consultar en nuestro Aviso Legal, tratamos tus datos como corresponsables del tratamiento. Esto quiere decir que hemos regulado y nos hacemos cargo conjuntamente [&hellip;]","og_url":"https:\/\/healthcademia.com\/es\/politica-de-privacidad\/","og_site_name":"Healthcademia","article_modified_time":"2025-11-03T12:22:31+00:00","twitter_card":"summary_large_image","twitter_misc":{"Tiempo de lectura":"5 minutos"},"schema":{"@context":"https:\/\/schema.org","@graph":[{"@type":"WebPage","@id":"https:\/\/healthcademia.com\/es\/politica-de-privacidad\/","url":"https:\/\/healthcademia.com\/es\/politica-de-privacidad\/","name":"Pol\u00edtica de privacidad - Healthcademia","isPartOf":{"@id":"https:\/\/healthcademia.com\/#website"},"datePublished":"2023-08-21T08:02:32+00:00","dateModified":"2025-11-03T12:22:31+00:00","breadcrumb":{"@id":"https:\/\/healthcademia.com\/es\/politica-de-privacidad\/#breadcrumb"},"inLanguage":"es","potentialAction":[{"@type":"ReadAction","target":["https:\/\/healthcademia.com\/es\/politica-de-privacidad\/"]}]},{"@type":"BreadcrumbList","@id":"https:\/\/healthcademia.com\/es\/politica-de-privacidad\/#breadcrumb","itemListElement":[{"@type":"ListItem","position":1,"name":"Home","item":"https:\/\/healthcademia.com\/es\/"},{"@type":"ListItem","position":2,"name":"Pol\u00edtica de privacidad"}]},{"@type":"WebSite","@id":"https:\/\/healthcademia.com\/#website","url":"https:\/\/healthcademia.com\/","name":"Healthcademia","description":"","publisher":{"@id":"https:\/\/healthcademia.com\/#organization"},"potentialAction":[{"@type":"SearchAction","target":{"@type":"EntryPoint","urlTemplate":"https:\/\/healthcademia.com\/?s={search_term_string}"},"query-input":{"@type":"PropertyValueSpecification","valueRequired":true,"valueName":"search_term_string"}}],"inLanguage":"es"},{"@type":"Organization","@id":"https:\/\/healthcademia.com\/#organization","name":"Healthcademia","url":"https:\/\/healthcademia.com\/","logo":{"@type":"ImageObject","inLanguage":"es","@id":"https:\/\/healthcademia.com\/#\/schema\/logo\/image\/","url":"https:\/\/healthcademia.com\/wp-content\/uploads\/2023\/08\/healthcademia-color-positivo.png","contentUrl":"https:\/\/healthcademia.com\/wp-content\/uploads\/2023\/08\/healthcademia-color-positivo.png","width":1807,"height":661,"caption":"Healthcademia"},"image":{"@id":"https:\/\/healthcademia.com\/#\/schema\/logo\/image\/"}}]}},"_links":{"self":[{"href":"https:\/\/healthcademia.com\/es\/wp-json\/wp\/v2\/pages\/2494","targetHints":{"allow":["GET"]}}],"collection":[{"href":"https:\/\/healthcademia.com\/es\/wp-json\/wp\/v2\/pages"}],"about":[{"href":"https:\/\/healthcademia.com\/es\/wp-json\/wp\/v2\/types\/page"}],"author":[{"embeddable":true,"href":"https:\/\/healthcademia.com\/es\/wp-json\/wp\/v2\/users\/3"}],"replies":[{"embeddable":true,"href":"https:\/\/healthcademia.com\/es\/wp-json\/wp\/v2\/comments?post=2494"}],"version-history":[{"count":2,"href":"https:\/\/healthcademia.com\/es\/wp-json\/wp\/v2\/pages\/2494\/revisions"}],"predecessor-version":[{"id":3932,"href":"https:\/\/healthcademia.com\/es\/wp-json\/wp\/v2\/pages\/2494\/revisions\/3932"}],"wp:attachment":[{"href":"https:\/\/healthcademia.com\/es\/wp-json\/wp\/v2\/media?parent=2494"}],"curies":[{"name":"wp","href":"https:\/\/api.w.org\/{rel}","templated":true}]}}