{"id":2496,"date":"2023-10-18T14:12:47","date_gmt":"2023-10-18T14:12:47","guid":{"rendered":"https:\/\/healthcademia.com\/consent-for-processing-personal-data\/"},"modified":"2024-01-29T17:44:37","modified_gmt":"2024-01-29T17:44:37","slug":"condiciones-de-uso","status":"publish","type":"page","link":"https:\/\/healthcademia.com\/es\/condiciones-de-uso\/","title":{"rendered":"Condiciones de uso"},"content":{"rendered":"\n<h4><b>CONSENTIMIENTO PARA EL TRATAMIENTO DE DATOS PERSONALES<\/b><\/h4>\n\n\n\n<p><\/p>\n\n\n\n<p><strong>AGORA BIDCO<\/strong> es el Responsable del Tratamiento de los datos personales del Usuario y le informa que estos datos ser\u00e1n tratados de conformidad con lo establecido en el Reglamento (UE) 2016\/679, de 27 de abril (GDPR) y la Ley Org\u00e1nica 3\/2018, de 5 de diciembre (LOPDGDD), facilit\u00e1ndole la siguiente informaci\u00f3n sobre el tratamiento:<\/p>\n\n\n\n<p><strong>Finalidades y legitimaci\u00f3n del tratamiento:<\/strong> mantenimiento de una relaci\u00f3n comercial (en inter\u00e9s leg\u00edtimo del Responsable, art. 6.1.f GDPR) y env\u00edo de comunicaciones relativas a productos o servicios (con el consentimiento del Titular, art. 6.1.a GDPR).<\/p>\n\n\n\n<p><strong>Criterios de conservaci\u00f3n de los datos:<\/strong> los datos se conservar\u00e1n durante un plazo no superior al necesario para mantener la finalidad del tratamiento o mientras existan prescripciones legales que impongan su custodia, y cuando dicha finalidad ya no sea necesaria los datos se suprimir\u00e1n con las medidas de seguridad adecuadas para garantizar la anonimizaci\u00f3n de los datos o su destrucci\u00f3n total.<\/p>\n\n\n\n<p><strong>Comunicaci\u00f3n de datos:<\/strong><br>Se prev\u00e9 la cesi\u00f3n de datos a empresas del grupo a nivel de la UE para la misma finalidad u obligaci\u00f3n legal, y en caso de ser necesario para el desarrollo y ejecuci\u00f3n de los fines del tratamiento, a nuestros proveedores de servicios relacionados con las comunicaciones, con los que el RESPONSABLE haya suscrito los contratos de confidencialidad y encargado del tratamiento de datos exigidos por la normativa vigente en materia de privacidad.<\/p>\n\n\n\n<p>Los datos podr\u00e1n ser cedidos a empresas del grupo ubicadas en LATAM y el tratamiento de los datos se llevar\u00e1 a cabo, en su caso, conforme a la normativa de protecci\u00f3n de datos vigente en los correspondientes pa\u00edses. Esta informaci\u00f3n estar\u00e1 disponible en la p\u00e1gina web.<\/p>\n\n\n\n<p>La transmisi\u00f3n de datos dentro de un GRUPO EMPRESARIAL con fines administrativos, laborales o comerciales no se considera una cesi\u00f3n de datos a los DESTINATARIOS, por lo que no ser\u00e1 obligatorio informar de ello en la informaci\u00f3n que se facilite al INTERESADO. La relaci\u00f3n de empresas del grupo se informar\u00e1 en documento aparte en la p\u00e1gina web o en alg\u00fan apartado de la misma.<\/p>\n\n\n\n<p><strong>Derechos del usuario:<\/strong> derecho a retirar el consentimiento en cualquier momento. Derecho de acceso, rectificaci\u00f3n, portabilidad y supresi\u00f3n de sus datos, as\u00ed como la limitaci\u00f3n u oposici\u00f3n a su tratamiento. Derecho a presentar una reclamaci\u00f3n ante la Autoridad de Control espa\u00f1ola (www.aepd.es) si considera que el tratamiento no se ajusta a la legislaci\u00f3n vigente.<\/p>\n\n\n\n<p><strong>Datos de contacto para el ejercicio de sus derechos:<\/strong> <a href=\"mailto:dataprotection@healthcademia.com\">dataprotection@healthcademia.com<\/a>.<\/p>\n\n\n\n<div style=\"height:64px\" aria-hidden=\"true\" class=\"wp-block-spacer\"><\/div>\n","protected":false},"excerpt":{"rendered":"<p>CONSENTIMIENTO PARA EL TRATAMIENTO DE DATOS PERSONALES AGORA BIDCO es el Responsable del Tratamiento de los datos personales del Usuario y le informa que estos datos ser\u00e1n tratados de conformidad con lo establecido en el Reglamento (UE) 2016\/679, de 27 de abril (GDPR) y la Ley Org\u00e1nica 3\/2018, de 5 de diciembre (LOPDGDD), facilit\u00e1ndole la [&hellip;]<\/p>\n","protected":false},"author":3,"featured_media":0,"parent":0,"menu_order":0,"comment_status":"closed","ping_status":"closed","template":"","meta":{"_acf_changed":false,"_monsterinsights_skip_tracking":false,"_monsterinsights_sitenote_active":false,"_monsterinsights_sitenote_note":"","_monsterinsights_sitenote_category":0,"footnotes":""},"class_list":["post-2496","page","type-page","status-publish","hentry"],"acf":[],"yoast_head":"<!-- This site is optimized with the Yoast SEO plugin v27.4 - https:\/\/yoast.com\/product\/yoast-seo-wordpress\/ -->\n<title>Condiciones de uso - Healthcademia<\/title>\n<meta name=\"robots\" content=\"index, follow, max-snippet:-1, max-image-preview:large, max-video-preview:-1\" \/>\n<link rel=\"canonical\" href=\"https:\/\/healthcademia.com\/es\/condiciones-de-uso\/\" \/>\n<meta property=\"og:locale\" content=\"es_ES\" \/>\n<meta property=\"og:type\" content=\"article\" \/>\n<meta property=\"og:title\" content=\"Condiciones de uso - Healthcademia\" \/>\n<meta property=\"og:description\" content=\"CONSENTIMIENTO PARA EL TRATAMIENTO DE DATOS PERSONALES AGORA BIDCO es el Responsable del Tratamiento de los datos personales del Usuario y le informa que estos datos ser\u00e1n tratados de conformidad con lo establecido en el Reglamento (UE) 2016\/679, de 27 de abril (GDPR) y la Ley Org\u00e1nica 3\/2018, de 5 de diciembre (LOPDGDD), facilit\u00e1ndole la [&hellip;]\" \/>\n<meta property=\"og:url\" content=\"https:\/\/healthcademia.com\/es\/condiciones-de-uso\/\" \/>\n<meta property=\"og:site_name\" content=\"Healthcademia\" \/>\n<meta property=\"article:modified_time\" content=\"2024-01-29T17:44:37+00:00\" \/>\n<meta name=\"twitter:card\" content=\"summary_large_image\" \/>\n<meta name=\"twitter:label1\" content=\"Tiempo de lectura\" \/>\n\t<meta name=\"twitter:data1\" content=\"2 minutos\" \/>\n<script type=\"application\/ld+json\" class=\"yoast-schema-graph\">{\"@context\":\"https:\\\/\\\/schema.org\",\"@graph\":[{\"@type\":\"WebPage\",\"@id\":\"https:\\\/\\\/healthcademia.com\\\/es\\\/condiciones-de-uso\\\/\",\"url\":\"https:\\\/\\\/healthcademia.com\\\/es\\\/condiciones-de-uso\\\/\",\"name\":\"Condiciones de uso - Healthcademia\",\"isPartOf\":{\"@id\":\"https:\\\/\\\/healthcademia.com\\\/#website\"},\"datePublished\":\"2023-10-18T14:12:47+00:00\",\"dateModified\":\"2024-01-29T17:44:37+00:00\",\"breadcrumb\":{\"@id\":\"https:\\\/\\\/healthcademia.com\\\/es\\\/condiciones-de-uso\\\/#breadcrumb\"},\"inLanguage\":\"es\",\"potentialAction\":[{\"@type\":\"ReadAction\",\"target\":[\"https:\\\/\\\/healthcademia.com\\\/es\\\/condiciones-de-uso\\\/\"]}]},{\"@type\":\"BreadcrumbList\",\"@id\":\"https:\\\/\\\/healthcademia.com\\\/es\\\/condiciones-de-uso\\\/#breadcrumb\",\"itemListElement\":[{\"@type\":\"ListItem\",\"position\":1,\"name\":\"Home\",\"item\":\"https:\\\/\\\/healthcademia.com\\\/es\\\/\"},{\"@type\":\"ListItem\",\"position\":2,\"name\":\"Condiciones de uso\"}]},{\"@type\":\"WebSite\",\"@id\":\"https:\\\/\\\/healthcademia.com\\\/#website\",\"url\":\"https:\\\/\\\/healthcademia.com\\\/\",\"name\":\"Healthcademia\",\"description\":\"\",\"publisher\":{\"@id\":\"https:\\\/\\\/healthcademia.com\\\/#organization\"},\"potentialAction\":[{\"@type\":\"SearchAction\",\"target\":{\"@type\":\"EntryPoint\",\"urlTemplate\":\"https:\\\/\\\/healthcademia.com\\\/?s={search_term_string}\"},\"query-input\":{\"@type\":\"PropertyValueSpecification\",\"valueRequired\":true,\"valueName\":\"search_term_string\"}}],\"inLanguage\":\"es\"},{\"@type\":\"Organization\",\"@id\":\"https:\\\/\\\/healthcademia.com\\\/#organization\",\"name\":\"Healthcademia\",\"url\":\"https:\\\/\\\/healthcademia.com\\\/\",\"logo\":{\"@type\":\"ImageObject\",\"inLanguage\":\"es\",\"@id\":\"https:\\\/\\\/healthcademia.com\\\/#\\\/schema\\\/logo\\\/image\\\/\",\"url\":\"https:\\\/\\\/healthcademia.com\\\/wp-content\\\/uploads\\\/2023\\\/08\\\/healthcademia-color-positivo.png\",\"contentUrl\":\"https:\\\/\\\/healthcademia.com\\\/wp-content\\\/uploads\\\/2023\\\/08\\\/healthcademia-color-positivo.png\",\"width\":1807,\"height\":661,\"caption\":\"Healthcademia\"},\"image\":{\"@id\":\"https:\\\/\\\/healthcademia.com\\\/#\\\/schema\\\/logo\\\/image\\\/\"}}]}<\/script>\n<!-- \/ Yoast SEO plugin. -->","yoast_head_json":{"title":"Condiciones de uso - Healthcademia","robots":{"index":"index","follow":"follow","max-snippet":"max-snippet:-1","max-image-preview":"max-image-preview:large","max-video-preview":"max-video-preview:-1"},"canonical":"https:\/\/healthcademia.com\/es\/condiciones-de-uso\/","og_locale":"es_ES","og_type":"article","og_title":"Condiciones de uso - Healthcademia","og_description":"CONSENTIMIENTO PARA EL TRATAMIENTO DE DATOS PERSONALES AGORA BIDCO es el Responsable del Tratamiento de los datos personales del Usuario y le informa que estos datos ser\u00e1n tratados de conformidad con lo establecido en el Reglamento (UE) 2016\/679, de 27 de abril (GDPR) y la Ley Org\u00e1nica 3\/2018, de 5 de diciembre (LOPDGDD), facilit\u00e1ndole la [&hellip;]","og_url":"https:\/\/healthcademia.com\/es\/condiciones-de-uso\/","og_site_name":"Healthcademia","article_modified_time":"2024-01-29T17:44:37+00:00","twitter_card":"summary_large_image","twitter_misc":{"Tiempo de lectura":"2 minutos"},"schema":{"@context":"https:\/\/schema.org","@graph":[{"@type":"WebPage","@id":"https:\/\/healthcademia.com\/es\/condiciones-de-uso\/","url":"https:\/\/healthcademia.com\/es\/condiciones-de-uso\/","name":"Condiciones de uso - Healthcademia","isPartOf":{"@id":"https:\/\/healthcademia.com\/#website"},"datePublished":"2023-10-18T14:12:47+00:00","dateModified":"2024-01-29T17:44:37+00:00","breadcrumb":{"@id":"https:\/\/healthcademia.com\/es\/condiciones-de-uso\/#breadcrumb"},"inLanguage":"es","potentialAction":[{"@type":"ReadAction","target":["https:\/\/healthcademia.com\/es\/condiciones-de-uso\/"]}]},{"@type":"BreadcrumbList","@id":"https:\/\/healthcademia.com\/es\/condiciones-de-uso\/#breadcrumb","itemListElement":[{"@type":"ListItem","position":1,"name":"Home","item":"https:\/\/healthcademia.com\/es\/"},{"@type":"ListItem","position":2,"name":"Condiciones de uso"}]},{"@type":"WebSite","@id":"https:\/\/healthcademia.com\/#website","url":"https:\/\/healthcademia.com\/","name":"Healthcademia","description":"","publisher":{"@id":"https:\/\/healthcademia.com\/#organization"},"potentialAction":[{"@type":"SearchAction","target":{"@type":"EntryPoint","urlTemplate":"https:\/\/healthcademia.com\/?s={search_term_string}"},"query-input":{"@type":"PropertyValueSpecification","valueRequired":true,"valueName":"search_term_string"}}],"inLanguage":"es"},{"@type":"Organization","@id":"https:\/\/healthcademia.com\/#organization","name":"Healthcademia","url":"https:\/\/healthcademia.com\/","logo":{"@type":"ImageObject","inLanguage":"es","@id":"https:\/\/healthcademia.com\/#\/schema\/logo\/image\/","url":"https:\/\/healthcademia.com\/wp-content\/uploads\/2023\/08\/healthcademia-color-positivo.png","contentUrl":"https:\/\/healthcademia.com\/wp-content\/uploads\/2023\/08\/healthcademia-color-positivo.png","width":1807,"height":661,"caption":"Healthcademia"},"image":{"@id":"https:\/\/healthcademia.com\/#\/schema\/logo\/image\/"}}]}},"_links":{"self":[{"href":"https:\/\/healthcademia.com\/es\/wp-json\/wp\/v2\/pages\/2496","targetHints":{"allow":["GET"]}}],"collection":[{"href":"https:\/\/healthcademia.com\/es\/wp-json\/wp\/v2\/pages"}],"about":[{"href":"https:\/\/healthcademia.com\/es\/wp-json\/wp\/v2\/types\/page"}],"author":[{"embeddable":true,"href":"https:\/\/healthcademia.com\/es\/wp-json\/wp\/v2\/users\/3"}],"replies":[{"embeddable":true,"href":"https:\/\/healthcademia.com\/es\/wp-json\/wp\/v2\/comments?post=2496"}],"version-history":[{"count":1,"href":"https:\/\/healthcademia.com\/es\/wp-json\/wp\/v2\/pages\/2496\/revisions"}],"predecessor-version":[{"id":2890,"href":"https:\/\/healthcademia.com\/es\/wp-json\/wp\/v2\/pages\/2496\/revisions\/2890"}],"wp:attachment":[{"href":"https:\/\/healthcademia.com\/es\/wp-json\/wp\/v2\/media?parent=2496"}],"curies":[{"name":"wp","href":"https:\/\/api.w.org\/{rel}","templated":true}]}}