{"id":3937,"date":"2025-11-03T12:46:44","date_gmt":"2025-11-03T12:46:44","guid":{"rendered":"https:\/\/healthcademia.com\/?page_id=3937"},"modified":"2025-11-03T12:52:27","modified_gmt":"2025-11-03T12:52:27","slug":"aviso-legal","status":"publish","type":"page","link":"https:\/\/healthcademia.com\/es\/aviso-legal\/","title":{"rendered":"Aviso Legal"},"content":{"rendered":"\t\t<div data-elementor-type=\"wp-page\" data-elementor-id=\"3937\" class=\"elementor elementor-3937\" data-elementor-post-type=\"page\">\n\t\t\t\t\t\t<section class=\"elementor-section elementor-top-section elementor-element elementor-element-e0dd23b elementor-section-boxed elementor-section-height-default elementor-section-height-default\" data-id=\"e0dd23b\" data-element_type=\"section\" data-e-type=\"section\">\n\t\t\t\t\t\t<div class=\"elementor-container elementor-column-gap-default\">\n\t\t\t\t\t<div class=\"elementor-column elementor-col-100 elementor-top-column elementor-element elementor-element-2f4529b\" data-id=\"2f4529b\" data-element_type=\"column\" data-e-type=\"column\">\n\t\t\t<div class=\"elementor-widget-wrap elementor-element-populated\">\n\t\t\t\t\t\t<div class=\"elementor-element elementor-element-8730e3e elementor-widget elementor-widget-text-editor\" data-id=\"8730e3e\" data-element_type=\"widget\" data-e-type=\"widget\" data-widget_type=\"text-editor.default\">\n\t\t\t\t<div class=\"elementor-widget-container\">\n\t\t\t\t\t\t\t\t\t<p>Le agradecemos que hayas decidido visitarnos. Queremos que su experiencia en nuestra Web sea lo mejor posible.<\/p><p>Para acceder a nuestros servicios, declara que <strong>es mayor de edad<\/strong> y que tiene la capacidad legal suficiente para usar nuestros servicios, de acuerdo con su ley nacional.<\/p><p>El acceso y la navegaci\u00f3n en el sitio web, o el uso de los servicios del mismo, implican la aceptaci\u00f3n expresa e \u00edntegra de todas y cada una de las presentes Condiciones Generales, incluidas tanto las Condiciones Particulares fijadas para ciertas promociones, as\u00ed como de las Pol\u00edticas de Privacidad y de las Cookies, relacionadas con la normativa vigente en la materia de Protecci\u00f3n de Datos Personales. Por favor, le recomendamos que las lea con atenci\u00f3n para saber qu\u00e9 tipo de datos se recogen a trav\u00e9s de nuestra Web, con qu\u00e9 finalidades y qu\u00e9 derechos relacionados con ello le conciernen.<\/p><p>\u00a0<\/p><p><strong>1.- Informaci\u00f3n Legal.<\/strong><\/p><p>En cumplimiento de la Ley 34\/2002, de 11 de julio, de Servicios de la Sociedad de la Informaci\u00f3n y del Comercio Electr\u00f3nico, los datos identificativos del titular del Portal Web son:<\/p><p>AGORA BIDCO<\/p><p>NIF: 903524619<\/p><p>30-32 Boulevard de Vaugirard, 75015 Paris<\/p><p>El GRUPO HEALTHCADEMIA lo componen las siguientes sociedades:<\/p><table width=\"584\"><tbody><tr><td width=\"439\"><p><strong>RAZ\u00d3N SOCIAL<\/strong><\/p><\/td><td width=\"145\"><p><strong>NIF<\/strong><\/p><\/td><\/tr><tr><td width=\"439\"><p>Agora Bidco SAS<\/p><\/td><td width=\"145\"><p>903524619<\/p><\/td><\/tr><tr><td width=\"439\"><p>Amphi Holding SAS<\/p><\/td><td width=\"145\"><p>817788201<\/p><\/td><\/tr><tr><td width=\"439\"><p>Ecole d&#8217;Assas Ergoth\u00e9rapie SASU<\/p><\/td><td width=\"145\"><p>819890484<\/p><\/td><\/tr><tr><td width=\"439\"><p>Ecole d&#8217;Assas R\u00e9\u00e9ducation SASU<\/p><\/td><td width=\"145\"><p>652051343<\/p><\/td><\/tr><tr><td width=\"439\"><p>Institut Sup\u00e9rieur d&#8217;Optique de Bordeaux\u00a0 SASU<\/p><\/td><td width=\"145\"><p>512132630<\/p><\/td><\/tr><tr><td width=\"439\"><p>Institut Sup\u00e9rieur d&#8217;Optique de Lille SAS<\/p><\/td><td width=\"145\"><p>520372996<\/p><\/td><\/tr><tr><td width=\"439\"><p>Institut Sup\u00e9rieur d&#8217;Optique de Lyon SAS<\/p><\/td><td width=\"145\"><p>433285384<\/p><\/td><\/tr><tr><td width=\"439\"><p>Institut Sup\u00e9rieur d&#8217;Optique de Marseille SASU<\/p><\/td><td width=\"145\"><p>490428778<\/p><\/td><\/tr><tr><td width=\"439\"><p>Institut Sup\u00e9rieur d&#8217;Optique de Nancy SAS<\/p><\/td><td width=\"145\"><p>499377836<\/p><\/td><\/tr><tr><td width=\"439\"><p>Institut Sup\u00e9rieur d&#8217;Optique de Nantes SASU<\/p><\/td><td width=\"145\"><p>448952705<\/p><\/td><\/tr><tr><td width=\"439\"><p>Institut Sup\u00e9rieur d&#8217;Optique de Paris SASU<\/p><\/td><td width=\"145\"><p>348065723<\/p><\/td><\/tr><tr><td width=\"439\"><p>Institut Sup\u00e9rieur d&#8217;Optique de Rennes SAS<\/p><\/td><td width=\"145\"><p>502195779<\/p><\/td><\/tr><tr><td width=\"439\"><p>Institut Sup\u00e9rieur d&#8217;Optique de Toulouse SASU<\/p><\/td><td width=\"145\"><p>432569267<\/p><\/td><\/tr><tr><td width=\"439\"><p>Healthcademia France SAS<\/p><\/td><td width=\"145\"><p>518405493<\/p><\/td><\/tr><tr><td width=\"439\"><p>ISPS Formation Professionnelle SAS<\/p><\/td><td width=\"145\"><p>493202733<\/p><\/td><\/tr><tr><td width=\"439\"><p>French Graduate School Of Clinical Orthodontics SAS<\/p><\/td><td width=\"145\"><p>838044139<\/p><\/td><\/tr><tr><td width=\"439\"><p>Healthcademia Education Iberia, S.L.U.<\/p><\/td><td width=\"145\"><p>B84697861<\/p><\/td><\/tr><tr><td width=\"439\"><p>Inspira Network Group, S.L.U.<\/p><\/td><td width=\"145\"><p>B87466405<\/p><\/td><\/tr><tr><td width=\"439\"><p>EOM Formaci\u00f3n, S.L.U.<\/p><\/td><td width=\"145\"><p>B90070160<\/p><\/td><\/tr><tr><td width=\"439\"><p>Dentalliance IESO S.L<\/p><\/td><td width=\"145\"><p>B84949536<\/p><\/td><\/tr><tr><td width=\"439\"><p>Fundaci\u00f3n AMIR Educaci\u00f3n Medica y Formaci\u00f3n Sanitari<\/p><\/td><td width=\"145\"><p>G860877079<\/p><\/td><\/tr><tr><td width=\"439\"><p>Academia PNA Unipessoal LDA<\/p><\/td><td width=\"145\"><p>PT515550558<\/p><\/td><\/tr><tr><td width=\"439\"><p>AMIR Latam, S.L.U.<\/p><\/td><td width=\"145\"><p>B88149844<\/p><\/td><\/tr><tr><td width=\"439\"><p>AMIR BRASIL EM FORMACAO PROFISSIONAL LTDA<\/p><\/td><td width=\"145\"><p>46136969<\/p><\/td><\/tr><tr><td width=\"439\"><p>REVALIDANDO EDUCA\u00c7\u00c3O LTDA<\/p><\/td><td width=\"145\"><p>J 28.781.876\/0001-31<\/p><\/td><\/tr><tr><td width=\"439\"><p>AMIR COLOMBIA SAS<\/p><\/td><td width=\"145\"><p>901031938<\/p><\/td><\/tr><tr><td width=\"439\"><p>ACADEMIA AMIR COSTA RICA SRL<\/p><\/td><td width=\"145\"><p>3102748814<\/p><\/td><\/tr><tr><td width=\"439\"><p>FUNDACION EDUCATIVA SAN JUDAS TADEO<\/p><\/td><td width=\"145\"><p>&#8216;3006078010<\/p><\/td><\/tr><tr><td width=\"439\"><p>AMIR DOMINICANA SRL<\/p><\/td><td width=\"145\"><p>131-83647-1<\/p><\/td><\/tr><tr><td width=\"439\"><p>AAMIRECUADOR SA<\/p><\/td><td width=\"145\"><p>1,79275E+12<\/p><\/td><\/tr><tr><td width=\"439\"><p>ACADEMIA AMIR PERU SAC<\/p><\/td><td width=\"145\"><p>20608280121<\/p><\/td><\/tr><tr><td width=\"439\"><p>ACADEMIA MIR MEXICO SRL DE CV<\/p><\/td><td width=\"145\"><p>AAM161018Q17<\/p><\/td><\/tr><tr><td width=\"439\"><p>\u00a0Accademia Artquiz S.R.L.<\/p><\/td><td width=\"145\"><p>3076700305<\/p><\/td><\/tr><tr><td width=\"439\"><p>Accademia Italiana Medici Specializzandi S.R.L.<\/p><\/td><td width=\"145\"><p>7625410720<\/p><\/td><\/tr><tr><td width=\"439\"><p>EOM Italia S.R.L.<\/p><\/td><td width=\"145\"><p>4047250230<\/p><\/td><\/tr><tr><td width=\"439\"><p>Healthcademia UK LTD<\/p><\/td><td width=\"145\"><p>\u00a015556067<\/p><\/td><\/tr><tr><td width=\"439\"><p>NBMED Medical Education PTY LTD<\/p><\/td><td width=\"145\"><p>181412137<\/p><\/td><\/tr><\/tbody><\/table><p>Para cualquier duda o consulta, puede ponerse en contacto con nosotros a trav\u00e9s del correo electr\u00f3nico: <a href=\"mailto:dpo@healthcademia.com\">dpo@healthcademia.com<\/a><\/p><p>El acceso a la Web supone la aceptaci\u00f3n expresa del Usuario a las presentes Condiciones Generales de Uso, que podr\u00e1n ser modificadas total o parcialmente o sustituidas por otras, por su titular y en cualquier momento sin previo aviso. Le recomendamos que acceda a las presentes condiciones de vez en cuando para comprobar sus posibles modificaciones, que se publicar\u00e1n en el mismo apartado.<\/p><p>\u00a0<\/p><p><strong>2.- Condiciones Generales de Uso.<\/strong><\/p><p>Las siguientes Condiciones Generales regulan el uso y acceso al portal Web, cuya finalidad es establecer pautas de buen uso y comportamiento de la misma. HEALTHCADEMIA, pone a disposici\u00f3n de los usuarios informaci\u00f3n sobre el uso, los servicios y los contenidos que se alojan en la Web. A trav\u00e9s \u00e9sta, el Usuario tiene acceso a informaci\u00f3n sobre productos y servicios espec\u00edficos, herramientas y aplicaciones.<\/p><p>Los datos e informaciones sobre productos o servicios, precios y caracter\u00edsticas u otros datos relevantes ofrecidos a trav\u00e9s de la p\u00e1gina web son realizados, proporcionados y actualizados por Proveedores y terceras empresas. HEALTHCADEMIA no es, en ning\u00fan caso, responsable de dichos datos e informaciones ni asume ninguna obligaci\u00f3n sobre los mismos.<\/p><p>El Usuario se compromete a hacer un uso adecuado de los contenidos, servicios, aplicaciones y herramientas que est\u00e1n accesibles, con sujeci\u00f3n a la Ley y a las presentes Condiciones Generales de Uso y, en su caso a las Condiciones Particulares que puedan establecerse para el acceso a determinados servicios y aplicaciones, respetando en todo momento a los dem\u00e1s Usuarios de la misma.<\/p><p>En caso de incumplimiento total y\/o parcial por el Usuario de las presentes condiciones Generales de Uso, HEALTHCADEMIA se reserva el derecho de denegar el acceso a la Web, sin necesidad de previo aviso al Usuario.<\/p><p>\u00a0<\/p><p><strong>3.- Obligaciones Generales del Usuario.<\/strong><\/p><p>El Usuario, al aceptar las presentes condiciones Generales de Uso, se obliga expresamente a:<\/p><p>&#8211; No realizar ninguna acci\u00f3n destinada perjudicar, bloquear, da\u00f1ar, inutilizar, sobrecargar, de forma temporal o definitiva, las funcionalidades, herramientas, contenidos y\/o la infraestructura de la p\u00e1gina web, de manera que impida su normal utilizaci\u00f3n.<\/p><p>&#8211; Custodiar y mantener la confidencialidad de las claves de acceso asociadas a su nombre de Usuario, siendo responsable de la utilizaci\u00f3n de dichas claves de acceso personales e intransferibles por parte de terceros.<\/p><p>&#8211; No introducir ni realizar contenidos injuriosos o calumniosos, tanto de otros Usuarios como de terceras empresas ajenas a HEALTHCADEMIA.<\/p><p>&#8211; No utilizar cualquiera de los materiales e informaciones contenidos en este Sitio Web con fines il\u00edcitos y\/o expresamente prohibidos en las presentes Condiciones Generales de Uso, as\u00ed como a las condiciones particulares que, en su caso, se establezcan para determinadas aplicaciones y\/o utilidades y que resulten contrarios a los derechos e intereses de HEALTHCADEMIA, sus usuarios y\/o terceros.<\/p><p>&#8211; No ofertar ni distribuir productos y servicios, ni realizar publicidad o comunicaciones comerciales no solicitadas a otros Usuarios y visitantes de HEALTHCADEMIA.<\/p><p>El Usuario responder\u00e1 de los todos los da\u00f1os y perjuicios de toda naturaleza que HEALTHCADEMIA o cualquier tercero pueda sufrir como consecuencia del incumplimiento de cualesquiera de las obligaciones a las que queda sometido por virtud de estas \u201cCondiciones Generales de Uso\u201d o de la ley en relaci\u00f3n con el acceso y\/o utilizaci\u00f3n de la p\u00e1gina.<\/p><p>\u00a0<\/p><p><strong>4.- Propiedad Intelectual e Industrial.<\/strong><\/p><p>El sitio web, las p\u00e1ginas que comprende y la informaci\u00f3n o elementos contenidos en las mismas (incluyendo textos, documentos, fotograf\u00edas, dibujos, representaciones gr\u00e1ficas, de los que es titular o de los que sean titulares terceros que autorizan al propietario a su utilizaci\u00f3n, entre otros), as\u00ed como logotipos, marcas, nombres comerciales u otros signos distintivos, se encuentran protegidos por derechos de propiedad intelectual y\/o industrial, de los que HEALTHCADEMIA es titular o ostenta autorizaci\u00f3n para su utilizaci\u00f3n y comunicaci\u00f3n p\u00fablica de los leg\u00edtimos titulares de las mismas.<\/p><p>El Usuario se obliga a usar los contenidos de forma diligente y correcta, de acuerdo a la ley, la moral y el orden p\u00fablico. HEALTHCADEMIA autoriza al Usuario para visualizar la informaci\u00f3n que se contiene en este sitio web, as\u00ed como para efectuar reproducciones privadas (simple actividad de descarga y almacenamiento en sus sistemas inform\u00e1ticos), siempre y cuando los elementos sean destinados \u00fanicamente al uso personal. En ning\u00fan caso, ello significar\u00e1 una autorizaci\u00f3n o licencia sobre los derechos de propiedad de HEALTHCADEMIA o de los leg\u00edtimos titulares de las mismas.<\/p><p>El Usuario no est\u00e1 autorizado para proceder a la distribuci\u00f3n, modificaci\u00f3n, cesi\u00f3n o comunicaci\u00f3n p\u00fablica de la informaci\u00f3n contenida en esta Web en cualquier forma y cualquiera que sea su finalidad.<\/p><p>\u00a0<\/p><p><strong>5.- Enlaces.<\/strong><\/p><p>Las conexiones y enlaces a sitios o p\u00e1ginas Web de terceros se han establecido \u00fanicamente como una utilidad para el Usuario. HEALTHCADEMIA no es, en ning\u00fan caso, responsable de las mismas o de su contenido.<\/p><p>HEALTHCADEMIA no asume ninguna responsabilidad derivada de la existencia de enlaces entre los contenidos de este sitio y contenidos situados fuera del mismo o de cualquier otra menci\u00f3n de contenidos externos a este sitio. Tales enlaces o menciones tienen una finalidad exclusivamente informativa y, en ning\u00fan caso, implican el apoyo, aprobaci\u00f3n, comercializaci\u00f3n o relaci\u00f3n alguna entre HEALTHCADEMIA y las personas o entidades autoras y\/o gestoras de tales contenidos o titulares de los sitios donde se encuentren.<\/p><p>Para realizar enlaces con la p\u00e1gina Web ser\u00e1 necesaria la autorizaci\u00f3n expresa y por escrito de los titulares del portal.<\/p><p>\u00a0<\/p><p><strong>6.- Responsabilidad.<\/strong><\/p><p>HEALTHCADEMIA no garantiza el acceso continuado, ni la correcta visualizaci\u00f3n, descarga o utilidad de los elementos e informaci\u00f3n contenidos en las p\u00e1ginas del portal que pueden verse impedidos, dificultados o interrumpidos por factores o circunstancias fuera de su control o ajenas a su voluntad, ni de aquellos que sean producidos por la existencia de virus inform\u00e1ticos en Internet.<\/p><p>HEALTHCADEMIA no asume responsabilidad alguna por da\u00f1os, perjuicios, p\u00e9rdidas, reclamaciones o gastos, producidos por:<\/p><p>(i) Interferencias, interrupciones, fallos, omisiones, retrasos, bloqueos o desconexiones, motivadas por errores en las l\u00edneas y redes de telecomunicaciones o por cualquier otra causa ajena al control de HEALTHCADEMIA.<\/p><p>(ii) Intromisiones ileg\u00edtimas mediante el uso de programas malignos de cualquier tipo y a trav\u00e9s de cualquier medio de comunicaci\u00f3n, tales como virus inform\u00e1ticos o cualesquiera otros;<\/p><p>(iii) Uso indebido o inadecuado de la p\u00e1gina web de HEALTHCADEMIA<\/p><p>(iv) Errores de seguridad o navegaci\u00f3n producidos por un mal funcionamiento del navegador o por el uso de versiones no actualizadas.<\/p><p>HEALTHCADEMIA no es responsable ni en ning\u00fan caso responder\u00e1 frente a los usuarios y a terceros sobre actos de cualquier tercero ajeno a HEALTHCADEMIA que conlleve o pueda suponer la realizaci\u00f3n de actos de competencia desleal y publicidad il\u00edcita o la infracci\u00f3n de los derechos de propiedad intelectual e industrial, de los secretos empresariales, de compromisos contractuales de cualquier clase, de los derechos al honor, a la intimidad personal y familiar y a la imagen, de los derechos de propiedad y de toda otra naturaleza pertenecientes a un tercero por raz\u00f3n de la transmisi\u00f3n, difusi\u00f3n, almacenamiento, puesta a disposici\u00f3n, recepci\u00f3n, obtenci\u00f3n o acceso a los contenidos.<\/p><p>\u00a0<\/p><p><strong>7.- Protecci\u00f3n de Datos de Car\u00e1cter Personal.<\/strong><\/p><p>Toda la pol\u00edtica de tratamiento de datos personales la encontrar\u00e1s en la Pol\u00edtica de Privacidad, que forma parte integrante de estas Condiciones Generales pero que, por simplicidad, hemos puesto en un documento aparte: <a href=\"https:\/\/healthcademia.com\/es\/politica-de-privacidad\/\"><u>Pol\u00edtica de Privacidad<\/u><\/a>.<\/p><p>\u00a0<\/p><p><strong>8.- Legislaci\u00f3n.<\/strong><\/p><p>El presente Aviso Legal y sus t\u00e9rminos y condiciones se regir\u00e1n e interpretar\u00e1n de acuerdo con la Legislaci\u00f3n Espa\u00f1ola. El usuario, por el solo hecho de acceder a la p\u00e1gina web u obtener la condici\u00f3n de usuario registrado otorga, de forma irrevocable, su consentimiento a que los Tribunales competentes por defecto puedan conocer de cualquier acci\u00f3n judicial derivada de o relacionada con las presentes condiciones, o con su uso de este Sitio o la navegaci\u00f3n realizada por el mismo.<\/p><p>Si alguna cl\u00e1usula o apartado de las presentes Condiciones Generales, que no sea de naturaleza esencial para la existencia del mismo, es declarada nula o inaplicable, la validez de las restantes cl\u00e1usulas no se ver\u00e1 afectada.<\/p>\t\t\t\t\t\t\t\t<\/div>\n\t\t\t\t<\/div>\n\t\t\t\t\t<\/div>\n\t\t<\/div>\n\t\t\t\t\t<\/div>\n\t\t<\/section>\n\t\t\t\t<\/div>\n\t\t","protected":false},"excerpt":{"rendered":"<p>Le agradecemos que hayas decidido visitarnos. Queremos que su experiencia en nuestra Web sea lo mejor posible. Para acceder a nuestros servicios, declara que es mayor de edad y que tiene la capacidad legal suficiente para usar nuestros servicios, de acuerdo con su ley nacional. El acceso y la navegaci\u00f3n en el sitio web, o [&hellip;]<\/p>\n","protected":false},"author":7,"featured_media":0,"parent":0,"menu_order":0,"comment_status":"closed","ping_status":"closed","template":"","meta":{"_acf_changed":false,"_monsterinsights_skip_tracking":false,"_monsterinsights_sitenote_active":false,"_monsterinsights_sitenote_note":"","_monsterinsights_sitenote_category":0,"footnotes":""},"class_list":["post-3937","page","type-page","status-publish","hentry"],"acf":[],"yoast_head":"<!-- This site is optimized with the Yoast SEO plugin v27.4 - https:\/\/yoast.com\/product\/yoast-seo-wordpress\/ -->\n<title>Aviso Legal - Healthcademia<\/title>\n<meta name=\"robots\" content=\"index, follow, max-snippet:-1, max-image-preview:large, max-video-preview:-1\" \/>\n<link rel=\"canonical\" href=\"https:\/\/healthcademia.com\/es\/aviso-legal\/\" \/>\n<meta property=\"og:locale\" content=\"es_ES\" \/>\n<meta property=\"og:type\" content=\"article\" \/>\n<meta property=\"og:title\" content=\"Aviso Legal - Healthcademia\" \/>\n<meta property=\"og:description\" content=\"Le agradecemos que hayas decidido visitarnos. Queremos que su experiencia en nuestra Web sea lo mejor posible. Para acceder a nuestros servicios, declara que es mayor de edad y que tiene la capacidad legal suficiente para usar nuestros servicios, de acuerdo con su ley nacional. El acceso y la navegaci\u00f3n en el sitio web, o [&hellip;]\" \/>\n<meta property=\"og:url\" content=\"https:\/\/healthcademia.com\/es\/aviso-legal\/\" \/>\n<meta property=\"og:site_name\" content=\"Healthcademia\" \/>\n<meta property=\"article:modified_time\" content=\"2025-11-03T12:52:27+00:00\" \/>\n<meta name=\"twitter:card\" content=\"summary_large_image\" \/>\n<meta name=\"twitter:label1\" content=\"Tiempo de lectura\" \/>\n\t<meta name=\"twitter:data1\" content=\"8 minutos\" \/>\n<script type=\"application\/ld+json\" class=\"yoast-schema-graph\">{\"@context\":\"https:\\\/\\\/schema.org\",\"@graph\":[{\"@type\":\"WebPage\",\"@id\":\"https:\\\/\\\/healthcademia.com\\\/es\\\/aviso-legal\\\/\",\"url\":\"https:\\\/\\\/healthcademia.com\\\/es\\\/aviso-legal\\\/\",\"name\":\"Aviso Legal - Healthcademia\",\"isPartOf\":{\"@id\":\"https:\\\/\\\/healthcademia.com\\\/#website\"},\"datePublished\":\"2025-11-03T12:46:44+00:00\",\"dateModified\":\"2025-11-03T12:52:27+00:00\",\"breadcrumb\":{\"@id\":\"https:\\\/\\\/healthcademia.com\\\/es\\\/aviso-legal\\\/#breadcrumb\"},\"inLanguage\":\"es\",\"potentialAction\":[{\"@type\":\"ReadAction\",\"target\":[\"https:\\\/\\\/healthcademia.com\\\/es\\\/aviso-legal\\\/\"]}]},{\"@type\":\"BreadcrumbList\",\"@id\":\"https:\\\/\\\/healthcademia.com\\\/es\\\/aviso-legal\\\/#breadcrumb\",\"itemListElement\":[{\"@type\":\"ListItem\",\"position\":1,\"name\":\"Home\",\"item\":\"https:\\\/\\\/healthcademia.com\\\/es\\\/\"},{\"@type\":\"ListItem\",\"position\":2,\"name\":\"Aviso Legal\"}]},{\"@type\":\"WebSite\",\"@id\":\"https:\\\/\\\/healthcademia.com\\\/#website\",\"url\":\"https:\\\/\\\/healthcademia.com\\\/\",\"name\":\"Healthcademia\",\"description\":\"\",\"publisher\":{\"@id\":\"https:\\\/\\\/healthcademia.com\\\/#organization\"},\"potentialAction\":[{\"@type\":\"SearchAction\",\"target\":{\"@type\":\"EntryPoint\",\"urlTemplate\":\"https:\\\/\\\/healthcademia.com\\\/?s={search_term_string}\"},\"query-input\":{\"@type\":\"PropertyValueSpecification\",\"valueRequired\":true,\"valueName\":\"search_term_string\"}}],\"inLanguage\":\"es\"},{\"@type\":\"Organization\",\"@id\":\"https:\\\/\\\/healthcademia.com\\\/#organization\",\"name\":\"Healthcademia\",\"url\":\"https:\\\/\\\/healthcademia.com\\\/\",\"logo\":{\"@type\":\"ImageObject\",\"inLanguage\":\"es\",\"@id\":\"https:\\\/\\\/healthcademia.com\\\/#\\\/schema\\\/logo\\\/image\\\/\",\"url\":\"https:\\\/\\\/healthcademia.com\\\/wp-content\\\/uploads\\\/2023\\\/08\\\/healthcademia-color-positivo.png\",\"contentUrl\":\"https:\\\/\\\/healthcademia.com\\\/wp-content\\\/uploads\\\/2023\\\/08\\\/healthcademia-color-positivo.png\",\"width\":1807,\"height\":661,\"caption\":\"Healthcademia\"},\"image\":{\"@id\":\"https:\\\/\\\/healthcademia.com\\\/#\\\/schema\\\/logo\\\/image\\\/\"}}]}<\/script>\n<!-- \/ Yoast SEO plugin. -->","yoast_head_json":{"title":"Aviso Legal - Healthcademia","robots":{"index":"index","follow":"follow","max-snippet":"max-snippet:-1","max-image-preview":"max-image-preview:large","max-video-preview":"max-video-preview:-1"},"canonical":"https:\/\/healthcademia.com\/es\/aviso-legal\/","og_locale":"es_ES","og_type":"article","og_title":"Aviso Legal - Healthcademia","og_description":"Le agradecemos que hayas decidido visitarnos. Queremos que su experiencia en nuestra Web sea lo mejor posible. Para acceder a nuestros servicios, declara que es mayor de edad y que tiene la capacidad legal suficiente para usar nuestros servicios, de acuerdo con su ley nacional. El acceso y la navegaci\u00f3n en el sitio web, o [&hellip;]","og_url":"https:\/\/healthcademia.com\/es\/aviso-legal\/","og_site_name":"Healthcademia","article_modified_time":"2025-11-03T12:52:27+00:00","twitter_card":"summary_large_image","twitter_misc":{"Tiempo de lectura":"8 minutos"},"schema":{"@context":"https:\/\/schema.org","@graph":[{"@type":"WebPage","@id":"https:\/\/healthcademia.com\/es\/aviso-legal\/","url":"https:\/\/healthcademia.com\/es\/aviso-legal\/","name":"Aviso Legal - Healthcademia","isPartOf":{"@id":"https:\/\/healthcademia.com\/#website"},"datePublished":"2025-11-03T12:46:44+00:00","dateModified":"2025-11-03T12:52:27+00:00","breadcrumb":{"@id":"https:\/\/healthcademia.com\/es\/aviso-legal\/#breadcrumb"},"inLanguage":"es","potentialAction":[{"@type":"ReadAction","target":["https:\/\/healthcademia.com\/es\/aviso-legal\/"]}]},{"@type":"BreadcrumbList","@id":"https:\/\/healthcademia.com\/es\/aviso-legal\/#breadcrumb","itemListElement":[{"@type":"ListItem","position":1,"name":"Home","item":"https:\/\/healthcademia.com\/es\/"},{"@type":"ListItem","position":2,"name":"Aviso Legal"}]},{"@type":"WebSite","@id":"https:\/\/healthcademia.com\/#website","url":"https:\/\/healthcademia.com\/","name":"Healthcademia","description":"","publisher":{"@id":"https:\/\/healthcademia.com\/#organization"},"potentialAction":[{"@type":"SearchAction","target":{"@type":"EntryPoint","urlTemplate":"https:\/\/healthcademia.com\/?s={search_term_string}"},"query-input":{"@type":"PropertyValueSpecification","valueRequired":true,"valueName":"search_term_string"}}],"inLanguage":"es"},{"@type":"Organization","@id":"https:\/\/healthcademia.com\/#organization","name":"Healthcademia","url":"https:\/\/healthcademia.com\/","logo":{"@type":"ImageObject","inLanguage":"es","@id":"https:\/\/healthcademia.com\/#\/schema\/logo\/image\/","url":"https:\/\/healthcademia.com\/wp-content\/uploads\/2023\/08\/healthcademia-color-positivo.png","contentUrl":"https:\/\/healthcademia.com\/wp-content\/uploads\/2023\/08\/healthcademia-color-positivo.png","width":1807,"height":661,"caption":"Healthcademia"},"image":{"@id":"https:\/\/healthcademia.com\/#\/schema\/logo\/image\/"}}]}},"_links":{"self":[{"href":"https:\/\/healthcademia.com\/es\/wp-json\/wp\/v2\/pages\/3937","targetHints":{"allow":["GET"]}}],"collection":[{"href":"https:\/\/healthcademia.com\/es\/wp-json\/wp\/v2\/pages"}],"about":[{"href":"https:\/\/healthcademia.com\/es\/wp-json\/wp\/v2\/types\/page"}],"author":[{"embeddable":true,"href":"https:\/\/healthcademia.com\/es\/wp-json\/wp\/v2\/users\/7"}],"replies":[{"embeddable":true,"href":"https:\/\/healthcademia.com\/es\/wp-json\/wp\/v2\/comments?post=3937"}],"version-history":[{"count":11,"href":"https:\/\/healthcademia.com\/es\/wp-json\/wp\/v2\/pages\/3937\/revisions"}],"predecessor-version":[{"id":3955,"href":"https:\/\/healthcademia.com\/es\/wp-json\/wp\/v2\/pages\/3937\/revisions\/3955"}],"wp:attachment":[{"href":"https:\/\/healthcademia.com\/es\/wp-json\/wp\/v2\/media?parent=3937"}],"curies":[{"name":"wp","href":"https:\/\/api.w.org\/{rel}","templated":true}]}}