{"id":2246,"date":"2023-08-21T08:02:32","date_gmt":"2023-08-21T08:02:32","guid":{"rendered":"https:\/\/healthcademia.com\/privacy-policy\/"},"modified":"2025-11-03T12:22:28","modified_gmt":"2025-11-03T12:22:28","slug":"politique-de-confidentialite","status":"publish","type":"page","link":"https:\/\/healthcademia.com\/fr\/politique-de-confidentialite\/","title":{"rendered":"Politique de confidentialit\u00e9"},"content":{"rendered":"\n<h4><b>Politique de confidentialit\u00e9<\/b><\/h4>\n\n\n\n<p><\/p>\n\n\n\n<p><strong>1. INFORMATIONS SUR L&rsquo;UTILISATEUR<\/strong><\/p>\n\n\n\n<p><strong>Qui est le responsable du traitement de vos donn\u00e9es \u00e0 caract\u00e8re personnel?<\/strong><\/p>\n\n\n\n<p><strong>AGORA BIDCO<\/strong> et les autres soci\u00e9t\u00e9s faisant partie de HEALTHCADEMIA, que vous pouvez consulter dans notre Avis l\u00e9gal, traitent vos donn\u00e9es en tant que responsables conjoints du traitement. Cela signifie que nous avons \u00e9tabli et partageons conjointement la responsabilit\u00e9 du traitement et de la protection de vos donn\u00e9es personnelles.<\/p>\n\n\n\n<p><strong>Pourquoi traiter vos donn\u00e9es \u00e0 caract\u00e8re personnel?<\/strong><\/p>\n\n\n\n<p>Pour maintenir une relation commerciale avec l&rsquo;utilisateur. Les traitements pr\u00e9vus sont:<\/p>\n\n\n\n<ul class=\"wp-block-list\">\n<li>Envoi de communications commerciales publicitaires par courrier \u00e9lectronique ou tout autre moyen \u00e9lectronique ou physique, pr\u00e9sent ou futur, permettant des communications commerciales. Ces communications seront effectu\u00e9es par le CONTR\u00d4LEUR ou les entreprises de son groupe et porteront sur ses produits et services, ou sur ses collaborateurs ou fournisseurs, avec lesquels il a conclu un accord de promotion. Dans ce cas, les tiers n&rsquo;auront jamais acc\u00e8s aux donn\u00e9es personnelles.<\/li>\n\n\n\n<li>R\u00e9aliser des \u00e9tudes de march\u00e9 et des analyses statistiques.<\/li>\n\n\n\n<li>Offrir des produits et des services et envoyer des invitations \u00e0 d&rsquo;\u00e9ventuelles formations, webinaires et \u00e9v\u00e9nements, toujours en rapport avec les services et aux fins de traitement.<\/li>\n\n\n\n<li>Traiter les commandes, les demandes, r\u00e9pondre aux questions ou \u00e0 tout type de demande formul\u00e9e par l&rsquo;UTILISATEUR par le biais de l&rsquo;une des m\u00e9thodes de contact disponibles sur le site Web du CONTR\u00d4LEUR.<\/li>\n\n\n\n<li>Envoyer le bulletin d&rsquo;information en ligne sur les nouveaut\u00e9s, les offres et les promotions de notre activit\u00e9.<\/li>\n<\/ul>\n\n\n\n<div style=\"height:24px\" aria-hidden=\"true\" class=\"wp-block-spacer\"><\/div>\n\n\n\n<p><strong>Pourquoi pouvons-nous traiter vos donn\u00e9es personnelles?<\/strong><\/p>\n\n\n\n<p>Parce que le traitement est l\u00e9gitim\u00e9 par l&rsquo;article 6 du GDPR comme suit:<\/p>\n\n\n\n<p>Avec le consentement de l&rsquo;UTILISATEUR : envoi de communications commerciales et de la newsletter.<\/p>\n\n\n\n<p>Dans l&rsquo;int\u00e9r\u00eat l\u00e9gitime du responsable du traitement : r\u00e9alisation d&rsquo;\u00e9tudes de march\u00e9, d&rsquo;analyses statistiques, etc. et traitement des commandes, demandes, etc. \u00e0 la demande de l&rsquo;UTILISATEUR.<\/p>\n\n\n\n<p><strong>Pendant combien de temps conserverons-nous vos donn\u00e9es personnelles?<\/strong><\/p>\n\n\n\n<p>Les donn\u00e9es sont conserv\u00e9es pendant une dur\u00e9e n&rsquo;exc\u00e9dant pas celle n\u00e9cessaire \u00e0 la r\u00e9alisation de la finalit\u00e9 du traitement ou pendant la dur\u00e9e des prescriptions l\u00e9gales imposant leur conservation. Lorsque cette finalit\u00e9 n&rsquo;est plus n\u00e9cessaire, les donn\u00e9es sont effac\u00e9es en prenant les mesures de s\u00e9curit\u00e9 appropri\u00e9es pour garantir l&rsquo;anonymisation des donn\u00e9es ou leur destruction compl\u00e8te.<\/p>\n\n\n\n<p><strong>\u00c0 qui divulguons-nous vos donn\u00e9es personnelles?<\/strong><\/p>\n\n\n\n<p>Le transfert de donn\u00e9es \u00e0 des soci\u00e9t\u00e9s du groupe au niveau de l&rsquo;UE est pr\u00e9vu pour la m\u00eame finalit\u00e9 ou obligation l\u00e9gale, et si cela est n\u00e9cessaire pour le d\u00e9veloppement et l&rsquo;ex\u00e9cution des finalit\u00e9s du traitement, \u00e0 nos fournisseurs de services li\u00e9s aux communications, avec lesquels le CONTR\u00d4LEUR a sign\u00e9 les contrats de confidentialit\u00e9 et de traitement des donn\u00e9es requis par la r\u00e9glementation en vigueur en mati\u00e8re de protection de la vie priv\u00e9e. Les donn\u00e9es peuvent \u00eatre transf\u00e9r\u00e9es \u00e0 des soci\u00e9t\u00e9s du groupe situ\u00e9es dans le LATAM et le traitement des donn\u00e9es sera effectu\u00e9 de mani\u00e8re appropri\u00e9e, conform\u00e9ment \u00e0 la r\u00e9glementation en mati\u00e8re de protection des donn\u00e9es en vigueur dans les pays correspondants. Cette information sera disponible sur le site web. La transmission de donn\u00e9es au sein d&rsquo;un groupe d&rsquo;entreprises \u00e0 des fins administratives, de travail ou commerciales n&rsquo;est pas consid\u00e9r\u00e9e comme un transfert de donn\u00e9es aux destinataires, de sorte qu&rsquo;il n&rsquo;est pas obligatoire de le signaler dans les informations fournies \u00e0 la personne concern\u00e9e. La liste des entreprises du groupe sera publi\u00e9e dans un document distinct sur le site web ou dans une section de celui-ci.<\/p>\n\n\n\n<p><strong>Quels sont vos droits?<\/strong><\/p>\n\n\n\n<p>Les droits de l&rsquo;UTILISATEUR sont les suivants:<\/p>\n\n\n\n<ul class=\"wp-block-list\">\n<li>Droit de retirer son consentement \u00e0 tout moment.<\/li>\n\n\n\n<li>Droit d&rsquo;acc\u00e8s, de rectification, de portabilit\u00e9 et d&rsquo;effacement de vos donn\u00e9es et de limitation ou d&rsquo;opposition \u00e0 leur traitement.<\/li>\n\n\n\n<li>Le droit d&rsquo;introduire une r\u00e9clamation aupr\u00e8s de l&rsquo;autorit\u00e9 de contr\u00f4le espagnole (www.aepd.es) si vous consid\u00e9rez que le traitement n&rsquo;est pas conforme \u00e0 la l\u00e9gislation en vigueur.<\/li>\n<\/ul>\n\n\n\n<div style=\"height:24px\" aria-hidden=\"true\" class=\"wp-block-spacer\"><\/div>\n\n\n\n<p><strong>Coordonn\u00e9es pour l&rsquo;exercice des droits:<\/strong><br>AGORA BIDCO. BOULEVARD VAUGIRARD, 30-32 &#8211; 75015 PARIS. E-mail :  <a href=\"mailto:dpo@healthcademia.com\">dpo@healthcademia.com<\/a><\/p>\n\n\n\n<p><strong>2. CARACT\u00c8RE OBLIGATOIRE OU FACULTATIF DES INFORMATIONS FOURNIES PAR L&rsquo;UTILISATEUR<\/strong><\/p>\n\n\n\n<p>Les UTILISATEURS, en cochant les cases correspondantes et en saisissant les donn\u00e9es dans les champs marqu\u00e9s d&rsquo;un ast\u00e9risque (*) dans le formulaire de contact ou les formulaires de t\u00e9l\u00e9chargement, acceptent express\u00e9ment et de mani\u00e8re libre et non \u00e9quivoque que leurs donn\u00e9es soient n\u00e9cessaires au fournisseur pour r\u00e9pondre \u00e0 leur demande, en fournissant volontairement leurs donn\u00e9es dans les champs restants. L&rsquo;UTILISATEUR s&rsquo;assure que les donn\u00e9es personnelles fournies au CONTR\u00d4LEUR sont v\u00e9ridiques et est responsable de la communication de tout changement les concernant.<\/p>\n\n\n\n<p>Le CONTR\u00d4LEUR informe que toutes les donn\u00e9es demand\u00e9es par le biais du site web sont obligatoires, car elles sont n\u00e9cessaires \u00e0 la fourniture d&rsquo;un service optimal \u00e0 l&rsquo;UTILISATEUR. Dans le cas o\u00f9 toutes les donn\u00e9es ne seraient pas fournies, il n&rsquo;est pas garanti que les informations et les services fournis soient totalement adapt\u00e9s aux besoins de l&rsquo;utilisateur.<\/p>\n\n\n\n<p><strong>3. LES MESURES DE S\u00c9CURIT\u00c9<\/strong><\/p>\n\n\n\n<p>Que, conform\u00e9ment aux dispositions de la r\u00e9glementation en vigueur en mati\u00e8re de protection des donn\u00e9es \u00e0 caract\u00e8re personnel, le CONTR\u00d4LEUR respecte toutes les dispositions du RGPD et de la LOPDGDD pour le traitement des donn\u00e9es \u00e0 caract\u00e8re personnel dont il est responsable, et qu&rsquo;il respecte manifestement les principes d\u00e9crits \u00e0 l&rsquo;article 5 du RGPD, selon lesquels ces donn\u00e9es sont trait\u00e9es de mani\u00e8re licite, loyale et transparente \u00e0 l&rsquo;\u00e9gard de la personne concern\u00e9e et de mani\u00e8re appropri\u00e9e, pertinente et limit\u00e9e \u00e0 ce qui est n\u00e9cessaire au regard des finalit\u00e9s pour lesquelles elles sont trait\u00e9es.<\/p>\n\n\n\n<p>Le CONTR\u00d4LEUR garantit que toutes les politiques techniques et organisationnelles appropri\u00e9es ont \u00e9t\u00e9 mises en \u0153uvre pour appliquer les mesures de s\u00e9curit\u00e9 \u00e9tablies par le GDPR et la LOPDGDD afin de prot\u00e9ger les droits et libert\u00e9s des UTILISATEURS et a communiqu\u00e9 les informations appropri\u00e9es pour qu&rsquo;ils puissent les exercer.<\/p>\n\n\n\n<p>Pour plus d&rsquo;informations sur les garanties de confidentialit\u00e9, vous pouvez contacter le CONTROLEUR par l&rsquo;interm\u00e9diaire d&rsquo;AGORA BIDCO. BOULEVARD VAUGIRARD, 30-32 &#8211; 75015 PARIS . Courriel:  <a href=\"mailto:dpo@healthcademia.com\">dpo@healthcademia.com<\/a><\/p>\n","protected":false},"excerpt":{"rendered":"<p>Politique de confidentialit\u00e9 1. INFORMATIONS SUR L&rsquo;UTILISATEUR Qui est le responsable du traitement de vos donn\u00e9es \u00e0 caract\u00e8re personnel? AGORA BIDCO et les autres soci\u00e9t\u00e9s faisant partie de HEALTHCADEMIA, que vous pouvez consulter dans notre Avis l\u00e9gal, traitent vos donn\u00e9es en tant que responsables conjoints du traitement. Cela signifie que nous avons \u00e9tabli et partageons [&hellip;]<\/p>\n","protected":false},"author":3,"featured_media":0,"parent":0,"menu_order":0,"comment_status":"closed","ping_status":"open","template":"","meta":{"_acf_changed":false,"_monsterinsights_skip_tracking":false,"_monsterinsights_sitenote_active":false,"_monsterinsights_sitenote_note":"","_monsterinsights_sitenote_category":0,"footnotes":""},"class_list":["post-2246","page","type-page","status-publish","hentry"],"acf":[],"yoast_head":"<!-- This site is optimized with the Yoast SEO plugin v27.4 - https:\/\/yoast.com\/product\/yoast-seo-wordpress\/ -->\n<title>Politique de confidentialit\u00e9 - Healthcademia<\/title>\n<meta name=\"robots\" content=\"index, follow, max-snippet:-1, max-image-preview:large, max-video-preview:-1\" \/>\n<link rel=\"canonical\" href=\"https:\/\/healthcademia.com\/fr\/politique-de-confidentialite\/\" \/>\n<meta property=\"og:locale\" content=\"fr_FR\" \/>\n<meta property=\"og:type\" content=\"article\" \/>\n<meta property=\"og:title\" content=\"Politique de confidentialit\u00e9 - Healthcademia\" \/>\n<meta property=\"og:description\" content=\"Politique de confidentialit\u00e9 1. INFORMATIONS SUR L&rsquo;UTILISATEUR Qui est le responsable du traitement de vos donn\u00e9es \u00e0 caract\u00e8re personnel? AGORA BIDCO et les autres soci\u00e9t\u00e9s faisant partie de HEALTHCADEMIA, que vous pouvez consulter dans notre Avis l\u00e9gal, traitent vos donn\u00e9es en tant que responsables conjoints du traitement. Cela signifie que nous avons \u00e9tabli et partageons [&hellip;]\" \/>\n<meta property=\"og:url\" content=\"https:\/\/healthcademia.com\/fr\/politique-de-confidentialite\/\" \/>\n<meta property=\"og:site_name\" content=\"Healthcademia\" \/>\n<meta property=\"article:modified_time\" content=\"2025-11-03T12:22:28+00:00\" \/>\n<meta name=\"twitter:card\" content=\"summary_large_image\" \/>\n<meta name=\"twitter:label1\" content=\"Dur\u00e9e de lecture estim\u00e9e\" \/>\n\t<meta name=\"twitter:data1\" content=\"5 minutes\" \/>\n<script type=\"application\/ld+json\" class=\"yoast-schema-graph\">{\"@context\":\"https:\\\/\\\/schema.org\",\"@graph\":[{\"@type\":\"WebPage\",\"@id\":\"https:\\\/\\\/healthcademia.com\\\/fr\\\/politique-de-confidentialite\\\/\",\"url\":\"https:\\\/\\\/healthcademia.com\\\/fr\\\/politique-de-confidentialite\\\/\",\"name\":\"Politique de confidentialit\u00e9 - Healthcademia\",\"isPartOf\":{\"@id\":\"https:\\\/\\\/healthcademia.com\\\/#website\"},\"datePublished\":\"2023-08-21T08:02:32+00:00\",\"dateModified\":\"2025-11-03T12:22:28+00:00\",\"breadcrumb\":{\"@id\":\"https:\\\/\\\/healthcademia.com\\\/fr\\\/politique-de-confidentialite\\\/#breadcrumb\"},\"inLanguage\":\"fr-FR\",\"potentialAction\":[{\"@type\":\"ReadAction\",\"target\":[\"https:\\\/\\\/healthcademia.com\\\/fr\\\/politique-de-confidentialite\\\/\"]}]},{\"@type\":\"BreadcrumbList\",\"@id\":\"https:\\\/\\\/healthcademia.com\\\/fr\\\/politique-de-confidentialite\\\/#breadcrumb\",\"itemListElement\":[{\"@type\":\"ListItem\",\"position\":1,\"name\":\"Home\",\"item\":\"https:\\\/\\\/healthcademia.com\\\/fr\\\/\"},{\"@type\":\"ListItem\",\"position\":2,\"name\":\"Politique de confidentialit\u00e9\"}]},{\"@type\":\"WebSite\",\"@id\":\"https:\\\/\\\/healthcademia.com\\\/#website\",\"url\":\"https:\\\/\\\/healthcademia.com\\\/\",\"name\":\"Healthcademia\",\"description\":\"\",\"publisher\":{\"@id\":\"https:\\\/\\\/healthcademia.com\\\/#organization\"},\"potentialAction\":[{\"@type\":\"SearchAction\",\"target\":{\"@type\":\"EntryPoint\",\"urlTemplate\":\"https:\\\/\\\/healthcademia.com\\\/?s={search_term_string}\"},\"query-input\":{\"@type\":\"PropertyValueSpecification\",\"valueRequired\":true,\"valueName\":\"search_term_string\"}}],\"inLanguage\":\"fr-FR\"},{\"@type\":\"Organization\",\"@id\":\"https:\\\/\\\/healthcademia.com\\\/#organization\",\"name\":\"Healthcademia\",\"url\":\"https:\\\/\\\/healthcademia.com\\\/\",\"logo\":{\"@type\":\"ImageObject\",\"inLanguage\":\"fr-FR\",\"@id\":\"https:\\\/\\\/healthcademia.com\\\/#\\\/schema\\\/logo\\\/image\\\/\",\"url\":\"https:\\\/\\\/healthcademia.com\\\/wp-content\\\/uploads\\\/2023\\\/08\\\/healthcademia-color-positivo.png\",\"contentUrl\":\"https:\\\/\\\/healthcademia.com\\\/wp-content\\\/uploads\\\/2023\\\/08\\\/healthcademia-color-positivo.png\",\"width\":1807,\"height\":661,\"caption\":\"Healthcademia\"},\"image\":{\"@id\":\"https:\\\/\\\/healthcademia.com\\\/#\\\/schema\\\/logo\\\/image\\\/\"}}]}<\/script>\n<!-- \/ Yoast SEO plugin. -->","yoast_head_json":{"title":"Politique de confidentialit\u00e9 - Healthcademia","robots":{"index":"index","follow":"follow","max-snippet":"max-snippet:-1","max-image-preview":"max-image-preview:large","max-video-preview":"max-video-preview:-1"},"canonical":"https:\/\/healthcademia.com\/fr\/politique-de-confidentialite\/","og_locale":"fr_FR","og_type":"article","og_title":"Politique de confidentialit\u00e9 - Healthcademia","og_description":"Politique de confidentialit\u00e9 1. INFORMATIONS SUR L&rsquo;UTILISATEUR Qui est le responsable du traitement de vos donn\u00e9es \u00e0 caract\u00e8re personnel? AGORA BIDCO et les autres soci\u00e9t\u00e9s faisant partie de HEALTHCADEMIA, que vous pouvez consulter dans notre Avis l\u00e9gal, traitent vos donn\u00e9es en tant que responsables conjoints du traitement. Cela signifie que nous avons \u00e9tabli et partageons [&hellip;]","og_url":"https:\/\/healthcademia.com\/fr\/politique-de-confidentialite\/","og_site_name":"Healthcademia","article_modified_time":"2025-11-03T12:22:28+00:00","twitter_card":"summary_large_image","twitter_misc":{"Dur\u00e9e de lecture estim\u00e9e":"5 minutes"},"schema":{"@context":"https:\/\/schema.org","@graph":[{"@type":"WebPage","@id":"https:\/\/healthcademia.com\/fr\/politique-de-confidentialite\/","url":"https:\/\/healthcademia.com\/fr\/politique-de-confidentialite\/","name":"Politique de confidentialit\u00e9 - Healthcademia","isPartOf":{"@id":"https:\/\/healthcademia.com\/#website"},"datePublished":"2023-08-21T08:02:32+00:00","dateModified":"2025-11-03T12:22:28+00:00","breadcrumb":{"@id":"https:\/\/healthcademia.com\/fr\/politique-de-confidentialite\/#breadcrumb"},"inLanguage":"fr-FR","potentialAction":[{"@type":"ReadAction","target":["https:\/\/healthcademia.com\/fr\/politique-de-confidentialite\/"]}]},{"@type":"BreadcrumbList","@id":"https:\/\/healthcademia.com\/fr\/politique-de-confidentialite\/#breadcrumb","itemListElement":[{"@type":"ListItem","position":1,"name":"Home","item":"https:\/\/healthcademia.com\/fr\/"},{"@type":"ListItem","position":2,"name":"Politique de confidentialit\u00e9"}]},{"@type":"WebSite","@id":"https:\/\/healthcademia.com\/#website","url":"https:\/\/healthcademia.com\/","name":"Healthcademia","description":"","publisher":{"@id":"https:\/\/healthcademia.com\/#organization"},"potentialAction":[{"@type":"SearchAction","target":{"@type":"EntryPoint","urlTemplate":"https:\/\/healthcademia.com\/?s={search_term_string}"},"query-input":{"@type":"PropertyValueSpecification","valueRequired":true,"valueName":"search_term_string"}}],"inLanguage":"fr-FR"},{"@type":"Organization","@id":"https:\/\/healthcademia.com\/#organization","name":"Healthcademia","url":"https:\/\/healthcademia.com\/","logo":{"@type":"ImageObject","inLanguage":"fr-FR","@id":"https:\/\/healthcademia.com\/#\/schema\/logo\/image\/","url":"https:\/\/healthcademia.com\/wp-content\/uploads\/2023\/08\/healthcademia-color-positivo.png","contentUrl":"https:\/\/healthcademia.com\/wp-content\/uploads\/2023\/08\/healthcademia-color-positivo.png","width":1807,"height":661,"caption":"Healthcademia"},"image":{"@id":"https:\/\/healthcademia.com\/#\/schema\/logo\/image\/"}}]}},"_links":{"self":[{"href":"https:\/\/healthcademia.com\/fr\/wp-json\/wp\/v2\/pages\/2246","targetHints":{"allow":["GET"]}}],"collection":[{"href":"https:\/\/healthcademia.com\/fr\/wp-json\/wp\/v2\/pages"}],"about":[{"href":"https:\/\/healthcademia.com\/fr\/wp-json\/wp\/v2\/types\/page"}],"author":[{"embeddable":true,"href":"https:\/\/healthcademia.com\/fr\/wp-json\/wp\/v2\/users\/3"}],"replies":[{"embeddable":true,"href":"https:\/\/healthcademia.com\/fr\/wp-json\/wp\/v2\/comments?post=2246"}],"version-history":[{"count":3,"href":"https:\/\/healthcademia.com\/fr\/wp-json\/wp\/v2\/pages\/2246\/revisions"}],"predecessor-version":[{"id":3935,"href":"https:\/\/healthcademia.com\/fr\/wp-json\/wp\/v2\/pages\/2246\/revisions\/3935"}],"wp:attachment":[{"href":"https:\/\/healthcademia.com\/fr\/wp-json\/wp\/v2\/media?parent=2246"}],"curies":[{"name":"wp","href":"https:\/\/api.w.org\/{rel}","templated":true}]}}