{"id":2249,"date":"2023-10-18T14:12:47","date_gmt":"2023-10-18T14:12:47","guid":{"rendered":"https:\/\/healthcademia.com\/consent-for-processing-personal-data\/"},"modified":"2024-06-07T11:08:40","modified_gmt":"2024-06-07T11:08:40","slug":"conditions-dutilisation","status":"publish","type":"page","link":"https:\/\/healthcademia.com\/fr\/conditions-dutilisation\/","title":{"rendered":"Conditions d&rsquo;utilisation"},"content":{"rendered":"\n<h4><b>CONSENTEMENT AU TRAITEMENT DES DONN\u00c9ES PERSONNELLES<\/b><\/h4>\n\n\n\n<p><\/p>\n\n\n\n<p><strong>AGORA BIDCO<\/strong> est le contr\u00f4leur des donn\u00e9es personnelles de l&rsquo;utilisateur et l&rsquo;informe que ces donn\u00e9es seront trait\u00e9es conform\u00e9ment aux dispositions du r\u00e8glement (UE) 2016\/679 du 27 avril (GDPR) et de la loi organique 3\/2018 du 5 d\u00e9cembre (LOPDGDD), en fournissant les informations suivantes sur le traitement :<\/p>\n\n\n\n<p><strong>Finalit\u00e9s et l\u00e9gitimation du traitement:<\/strong> maintien d&rsquo;une relation commerciale (dans l&rsquo;int\u00e9r\u00eat l\u00e9gitime du Responsable du traitement, art. 6.1.f GDPR) et envoi de communications concernant des produits ou des services (avec le consentement de la Personne concern\u00e9e, art. 6.1.a GDPR).<\/p>\n\n\n\n<p><strong>Crit\u00e8res de conservation des donn\u00e9es:<\/strong> les donn\u00e9es sont conserv\u00e9es pendant une dur\u00e9e n&rsquo;exc\u00e9dant pas celle n\u00e9cessaire \u00e0 la r\u00e9alisation de la finalit\u00e9 du traitement ou aussi longtemps qu&rsquo;il existe des prescriptions l\u00e9gales imposant leur conservation, et lorsque cette finalit\u00e9 n&rsquo;est plus n\u00e9cessaire, les donn\u00e9es sont effac\u00e9es avec des mesures de s\u00e9curit\u00e9 appropri\u00e9es pour garantir l&rsquo;anonymisation des donn\u00e9es ou leur destruction compl\u00e8te.<\/p>\n\n\n\n<p><strong>Communication des donn\u00e9es:<\/strong><br>Le transfert de donn\u00e9es \u00e0 des soci\u00e9t\u00e9s du groupe au niveau de l&rsquo;UE est pr\u00e9vu pour la m\u00eame finalit\u00e9 ou obligation l\u00e9gale, et si cela est n\u00e9cessaire pour le d\u00e9veloppement et l&rsquo;ex\u00e9cution des finalit\u00e9s du traitement, \u00e0 nos fournisseurs de services li\u00e9s aux communications, avec lesquels le CONTR\u00d4LEUR a sign\u00e9 les contrats de confidentialit\u00e9 et de traitement des donn\u00e9es requis par la r\u00e9glementation en vigueur en mati\u00e8re de protection de la vie priv\u00e9e.<\/p>\n\n\n\n<p>Les donn\u00e9es peuvent \u00eatre transf\u00e9r\u00e9es \u00e0 des soci\u00e9t\u00e9s du groupe situ\u00e9es dans le LATAM et le traitement des donn\u00e9es sera effectu\u00e9 de mani\u00e8re appropri\u00e9e, conform\u00e9ment \u00e0 la r\u00e9glementation en mati\u00e8re de protection des donn\u00e9es en vigueur dans les pays correspondants. Cette information sera disponible sur le site web.<\/p>\n\n\n\n<p>La transmission de donn\u00e9es au sein d&rsquo;un groupe d&rsquo;entreprises \u00e0 des fins administratives, de travail ou commerciales n&rsquo;est pas consid\u00e9r\u00e9e comme un transfert de donn\u00e9es aux destinataires, de sorte qu&rsquo;il n&rsquo;est pas obligatoire de le signaler dans les informations fournies \u00e0 la personne concern\u00e9e. La liste des entreprises du groupe sera publi\u00e9e dans un document distinct sur le site web ou dans une section de celui-ci.<\/p>\n\n\n\n<p><strong>Droits de l&rsquo;utilisateur:<\/strong> droit de retirer son consentement \u00e0 tout moment. Droit d&rsquo;acc\u00e8s, de rectification, de portabilit\u00e9 et d&rsquo;effacement de vos donn\u00e9es, ainsi que de limitation ou d&rsquo;opposition \u00e0 leur traitement. Droit d&rsquo;introduire une r\u00e9clamation aupr\u00e8s de l&rsquo;autorit\u00e9 de contr\u00f4le espagnole (www.aepd.es) si vous consid\u00e9rez que le traitement n&rsquo;est pas conforme \u00e0 la l\u00e9gislation en vigueur.<\/p>\n\n\n\n<p><strong>Coordonn\u00e9es pour l&rsquo;exercice des droits:<\/strong> <a href=\"mailto:dataprotection@healthcademia.com\">dataprotection@healthcademia.com<\/a>.<\/p>\n","protected":false},"excerpt":{"rendered":"<p>CONSENTEMENT AU TRAITEMENT DES DONN\u00c9ES PERSONNELLES AGORA BIDCO est le contr\u00f4leur des donn\u00e9es personnelles de l&rsquo;utilisateur et l&rsquo;informe que ces donn\u00e9es seront trait\u00e9es conform\u00e9ment aux dispositions du r\u00e8glement (UE) 2016\/679 du 27 avril (GDPR) et de la loi organique 3\/2018 du 5 d\u00e9cembre (LOPDGDD), en fournissant les informations suivantes sur le traitement : Finalit\u00e9s et [&hellip;]<\/p>\n","protected":false},"author":3,"featured_media":0,"parent":0,"menu_order":0,"comment_status":"closed","ping_status":"closed","template":"","meta":{"_acf_changed":false,"_monsterinsights_skip_tracking":false,"_monsterinsights_sitenote_active":false,"_monsterinsights_sitenote_note":"","_monsterinsights_sitenote_category":0,"footnotes":""},"class_list":["post-2249","page","type-page","status-publish","hentry"],"acf":[],"yoast_head":"<!-- This site is optimized with the Yoast SEO plugin v27.4 - https:\/\/yoast.com\/product\/yoast-seo-wordpress\/ -->\n<title>Conditions d&#039;utilisation - Healthcademia<\/title>\n<meta name=\"robots\" content=\"index, follow, max-snippet:-1, max-image-preview:large, max-video-preview:-1\" \/>\n<link rel=\"canonical\" href=\"https:\/\/healthcademia.com\/fr\/conditions-dutilisation\/\" \/>\n<meta property=\"og:locale\" content=\"fr_FR\" \/>\n<meta property=\"og:type\" content=\"article\" \/>\n<meta property=\"og:title\" content=\"Conditions d&#039;utilisation - Healthcademia\" \/>\n<meta property=\"og:description\" content=\"CONSENTEMENT AU TRAITEMENT DES DONN\u00c9ES PERSONNELLES AGORA BIDCO est le contr\u00f4leur des donn\u00e9es personnelles de l&rsquo;utilisateur et l&rsquo;informe que ces donn\u00e9es seront trait\u00e9es conform\u00e9ment aux dispositions du r\u00e8glement (UE) 2016\/679 du 27 avril (GDPR) et de la loi organique 3\/2018 du 5 d\u00e9cembre (LOPDGDD), en fournissant les informations suivantes sur le traitement : Finalit\u00e9s et [&hellip;]\" \/>\n<meta property=\"og:url\" content=\"https:\/\/healthcademia.com\/fr\/conditions-dutilisation\/\" \/>\n<meta property=\"og:site_name\" content=\"Healthcademia\" \/>\n<meta property=\"article:modified_time\" content=\"2024-06-07T11:08:40+00:00\" \/>\n<meta name=\"twitter:card\" content=\"summary_large_image\" \/>\n<meta name=\"twitter:label1\" content=\"Dur\u00e9e de lecture estim\u00e9e\" \/>\n\t<meta name=\"twitter:data1\" content=\"3 minutes\" \/>\n<script type=\"application\/ld+json\" class=\"yoast-schema-graph\">{\"@context\":\"https:\\\/\\\/schema.org\",\"@graph\":[{\"@type\":\"WebPage\",\"@id\":\"https:\\\/\\\/healthcademia.com\\\/fr\\\/conditions-dutilisation\\\/\",\"url\":\"https:\\\/\\\/healthcademia.com\\\/fr\\\/conditions-dutilisation\\\/\",\"name\":\"Conditions d'utilisation - Healthcademia\",\"isPartOf\":{\"@id\":\"https:\\\/\\\/healthcademia.com\\\/#website\"},\"datePublished\":\"2023-10-18T14:12:47+00:00\",\"dateModified\":\"2024-06-07T11:08:40+00:00\",\"breadcrumb\":{\"@id\":\"https:\\\/\\\/healthcademia.com\\\/fr\\\/conditions-dutilisation\\\/#breadcrumb\"},\"inLanguage\":\"fr-FR\",\"potentialAction\":[{\"@type\":\"ReadAction\",\"target\":[\"https:\\\/\\\/healthcademia.com\\\/fr\\\/conditions-dutilisation\\\/\"]}]},{\"@type\":\"BreadcrumbList\",\"@id\":\"https:\\\/\\\/healthcademia.com\\\/fr\\\/conditions-dutilisation\\\/#breadcrumb\",\"itemListElement\":[{\"@type\":\"ListItem\",\"position\":1,\"name\":\"Home\",\"item\":\"https:\\\/\\\/healthcademia.com\\\/fr\\\/\"},{\"@type\":\"ListItem\",\"position\":2,\"name\":\"Conditions d&rsquo;utilisation\"}]},{\"@type\":\"WebSite\",\"@id\":\"https:\\\/\\\/healthcademia.com\\\/#website\",\"url\":\"https:\\\/\\\/healthcademia.com\\\/\",\"name\":\"Healthcademia\",\"description\":\"\",\"publisher\":{\"@id\":\"https:\\\/\\\/healthcademia.com\\\/#organization\"},\"potentialAction\":[{\"@type\":\"SearchAction\",\"target\":{\"@type\":\"EntryPoint\",\"urlTemplate\":\"https:\\\/\\\/healthcademia.com\\\/?s={search_term_string}\"},\"query-input\":{\"@type\":\"PropertyValueSpecification\",\"valueRequired\":true,\"valueName\":\"search_term_string\"}}],\"inLanguage\":\"fr-FR\"},{\"@type\":\"Organization\",\"@id\":\"https:\\\/\\\/healthcademia.com\\\/#organization\",\"name\":\"Healthcademia\",\"url\":\"https:\\\/\\\/healthcademia.com\\\/\",\"logo\":{\"@type\":\"ImageObject\",\"inLanguage\":\"fr-FR\",\"@id\":\"https:\\\/\\\/healthcademia.com\\\/#\\\/schema\\\/logo\\\/image\\\/\",\"url\":\"https:\\\/\\\/healthcademia.com\\\/wp-content\\\/uploads\\\/2023\\\/08\\\/healthcademia-color-positivo.png\",\"contentUrl\":\"https:\\\/\\\/healthcademia.com\\\/wp-content\\\/uploads\\\/2023\\\/08\\\/healthcademia-color-positivo.png\",\"width\":1807,\"height\":661,\"caption\":\"Healthcademia\"},\"image\":{\"@id\":\"https:\\\/\\\/healthcademia.com\\\/#\\\/schema\\\/logo\\\/image\\\/\"}}]}<\/script>\n<!-- \/ Yoast SEO plugin. -->","yoast_head_json":{"title":"Conditions d'utilisation - Healthcademia","robots":{"index":"index","follow":"follow","max-snippet":"max-snippet:-1","max-image-preview":"max-image-preview:large","max-video-preview":"max-video-preview:-1"},"canonical":"https:\/\/healthcademia.com\/fr\/conditions-dutilisation\/","og_locale":"fr_FR","og_type":"article","og_title":"Conditions d'utilisation - Healthcademia","og_description":"CONSENTEMENT AU TRAITEMENT DES DONN\u00c9ES PERSONNELLES AGORA BIDCO est le contr\u00f4leur des donn\u00e9es personnelles de l&rsquo;utilisateur et l&rsquo;informe que ces donn\u00e9es seront trait\u00e9es conform\u00e9ment aux dispositions du r\u00e8glement (UE) 2016\/679 du 27 avril (GDPR) et de la loi organique 3\/2018 du 5 d\u00e9cembre (LOPDGDD), en fournissant les informations suivantes sur le traitement : Finalit\u00e9s et [&hellip;]","og_url":"https:\/\/healthcademia.com\/fr\/conditions-dutilisation\/","og_site_name":"Healthcademia","article_modified_time":"2024-06-07T11:08:40+00:00","twitter_card":"summary_large_image","twitter_misc":{"Dur\u00e9e de lecture estim\u00e9e":"3 minutes"},"schema":{"@context":"https:\/\/schema.org","@graph":[{"@type":"WebPage","@id":"https:\/\/healthcademia.com\/fr\/conditions-dutilisation\/","url":"https:\/\/healthcademia.com\/fr\/conditions-dutilisation\/","name":"Conditions d'utilisation - Healthcademia","isPartOf":{"@id":"https:\/\/healthcademia.com\/#website"},"datePublished":"2023-10-18T14:12:47+00:00","dateModified":"2024-06-07T11:08:40+00:00","breadcrumb":{"@id":"https:\/\/healthcademia.com\/fr\/conditions-dutilisation\/#breadcrumb"},"inLanguage":"fr-FR","potentialAction":[{"@type":"ReadAction","target":["https:\/\/healthcademia.com\/fr\/conditions-dutilisation\/"]}]},{"@type":"BreadcrumbList","@id":"https:\/\/healthcademia.com\/fr\/conditions-dutilisation\/#breadcrumb","itemListElement":[{"@type":"ListItem","position":1,"name":"Home","item":"https:\/\/healthcademia.com\/fr\/"},{"@type":"ListItem","position":2,"name":"Conditions d&rsquo;utilisation"}]},{"@type":"WebSite","@id":"https:\/\/healthcademia.com\/#website","url":"https:\/\/healthcademia.com\/","name":"Healthcademia","description":"","publisher":{"@id":"https:\/\/healthcademia.com\/#organization"},"potentialAction":[{"@type":"SearchAction","target":{"@type":"EntryPoint","urlTemplate":"https:\/\/healthcademia.com\/?s={search_term_string}"},"query-input":{"@type":"PropertyValueSpecification","valueRequired":true,"valueName":"search_term_string"}}],"inLanguage":"fr-FR"},{"@type":"Organization","@id":"https:\/\/healthcademia.com\/#organization","name":"Healthcademia","url":"https:\/\/healthcademia.com\/","logo":{"@type":"ImageObject","inLanguage":"fr-FR","@id":"https:\/\/healthcademia.com\/#\/schema\/logo\/image\/","url":"https:\/\/healthcademia.com\/wp-content\/uploads\/2023\/08\/healthcademia-color-positivo.png","contentUrl":"https:\/\/healthcademia.com\/wp-content\/uploads\/2023\/08\/healthcademia-color-positivo.png","width":1807,"height":661,"caption":"Healthcademia"},"image":{"@id":"https:\/\/healthcademia.com\/#\/schema\/logo\/image\/"}}]}},"_links":{"self":[{"href":"https:\/\/healthcademia.com\/fr\/wp-json\/wp\/v2\/pages\/2249","targetHints":{"allow":["GET"]}}],"collection":[{"href":"https:\/\/healthcademia.com\/fr\/wp-json\/wp\/v2\/pages"}],"about":[{"href":"https:\/\/healthcademia.com\/fr\/wp-json\/wp\/v2\/types\/page"}],"author":[{"embeddable":true,"href":"https:\/\/healthcademia.com\/fr\/wp-json\/wp\/v2\/users\/3"}],"replies":[{"embeddable":true,"href":"https:\/\/healthcademia.com\/fr\/wp-json\/wp\/v2\/comments?post=2249"}],"version-history":[{"count":1,"href":"https:\/\/healthcademia.com\/fr\/wp-json\/wp\/v2\/pages\/2249\/revisions"}],"predecessor-version":[{"id":3568,"href":"https:\/\/healthcademia.com\/fr\/wp-json\/wp\/v2\/pages\/2249\/revisions\/3568"}],"wp:attachment":[{"href":"https:\/\/healthcademia.com\/fr\/wp-json\/wp\/v2\/media?parent=2249"}],"curies":[{"name":"wp","href":"https:\/\/api.w.org\/{rel}","templated":true}]}}