{"id":3944,"date":"2025-11-03T12:46:44","date_gmt":"2025-11-03T12:46:44","guid":{"rendered":"https:\/\/healthcademia.com\/?page_id=3944"},"modified":"2025-11-03T13:03:18","modified_gmt":"2025-11-03T13:03:18","slug":"mentions-legales","status":"publish","type":"page","link":"https:\/\/healthcademia.com\/fr\/mentions-legales\/","title":{"rendered":"Mentions l\u00e9gales"},"content":{"rendered":"\t\t<div data-elementor-type=\"wp-page\" data-elementor-id=\"3944\" class=\"elementor elementor-3944 elementor-3937\" data-elementor-post-type=\"page\">\n\t\t\t\t\t\t<section class=\"elementor-section elementor-top-section elementor-element elementor-element-e0dd23b elementor-section-boxed elementor-section-height-default elementor-section-height-default\" data-id=\"e0dd23b\" data-element_type=\"section\" data-e-type=\"section\">\n\t\t\t\t\t\t<div class=\"elementor-container elementor-column-gap-default\">\n\t\t\t\t\t<div class=\"elementor-column elementor-col-100 elementor-top-column elementor-element elementor-element-2f4529b\" data-id=\"2f4529b\" data-element_type=\"column\" data-e-type=\"column\">\n\t\t\t<div class=\"elementor-widget-wrap elementor-element-populated\">\n\t\t\t\t\t\t<div class=\"elementor-element elementor-element-8730e3e elementor-widget elementor-widget-text-editor\" data-id=\"8730e3e\" data-element_type=\"widget\" data-e-type=\"widget\" data-widget_type=\"text-editor.default\">\n\t\t\t\t<div class=\"elementor-widget-container\">\n\t\t\t\t\t\t\t\t\t<p>Nous vous remercions d\u2019avoir choisi de nous rendre visite. Nous souhaitons que votre exp\u00e9rience sur notre site Web soit la plus agr\u00e9able possible.<\/p><p>Pour acc\u00e9der \u00e0 nos services, vous d\u00e9clarez \u00eatre <strong>majeur<\/strong> et disposer de la capacit\u00e9 juridique suffisante pour utiliser nos services, conform\u00e9ment \u00e0 votre l\u00e9gislation nationale.<\/p><p>L\u2019acc\u00e8s et la navigation sur ce site Web, ou l\u2019utilisation de ses services, impliquent l\u2019acceptation expresse et compl\u00e8te de chacune des pr\u00e9sentes Conditions G\u00e9n\u00e9rales, y compris les Conditions Particuli\u00e8res \u00e9tablies pour certaines promotions, ainsi que les Politiques de Confidentialit\u00e9 et de Cookies, conform\u00e9ment \u00e0 la r\u00e9glementation en vigueur en mati\u00e8re de protection des donn\u00e9es personnelles. Nous vous recommandons de les lire attentivement afin de savoir quels types de donn\u00e9es sont collect\u00e9s via notre site, \u00e0 quelles fins et quels droits vous concernent \u00e0 cet \u00e9gard.<\/p><p><strong>1.- Informations l\u00e9gales.<\/strong><\/p><p>Conform\u00e9ment \u00e0 la Loi 34\/2002 du 11 juillet sur les Services de la Soci\u00e9t\u00e9 de l\u2019Information et le Commerce \u00c9lectronique, les donn\u00e9es d\u2019identification du propri\u00e9taire de ce site Web sont :<\/p><p>AGORA BIDCO<\/p><p>NIF : 903524619<\/p><p>30-32 Boulevard de Vaugirard, 75015 Paris<\/p><p>Le GROUPE HEALTHCADEMIA est compos\u00e9 des soci\u00e9t\u00e9s suivantes :<\/p><table width=\"584\"><tbody><tr><td width=\"439\"><strong>D\u00c9NOMINATION SOCIALE<\/strong><\/td><td width=\"145\"><strong>NIF \/ SIREN<\/strong><\/td><\/tr><tr><td>Agora Bidco SAS<\/td><td>903524619<\/td><\/tr><tr><td>Amphi Holding SAS<\/td><td>817788201<\/td><\/tr><tr><td>Ecole d&rsquo;Assas Ergoth\u00e9rapie SASU<\/td><td>819890484<\/td><\/tr><tr><td>Ecole d&rsquo;Assas R\u00e9\u00e9ducation SASU<\/td><td>652051343<\/td><\/tr><tr><td>Institut Sup\u00e9rieur d&rsquo;Optique de Bordeaux SASU<\/td><td>512132630<\/td><\/tr><tr><td>Institut Sup\u00e9rieur d&rsquo;Optique de Lille SAS<\/td><td>520372996<\/td><\/tr><tr><td>Institut Sup\u00e9rieur d&rsquo;Optique de Lyon SAS<\/td><td>433285384<\/td><\/tr><tr><td>Institut Sup\u00e9rieur d&rsquo;Optique de Marseille SASU<\/td><td>490428778<\/td><\/tr><tr><td>Institut Sup\u00e9rieur d&rsquo;Optique de Nancy SAS<\/td><td>499377836<\/td><\/tr><tr><td>Institut Sup\u00e9rieur d&rsquo;Optique de Nantes SASU<\/td><td>448952705<\/td><\/tr><tr><td>Institut Sup\u00e9rieur d&rsquo;Optique de Paris SASU<\/td><td>348065723<\/td><\/tr><tr><td>Institut Sup\u00e9rieur d&rsquo;Optique de Rennes SAS<\/td><td>502195779<\/td><\/tr><tr><td>Institut Sup\u00e9rieur d&rsquo;Optique de Toulouse SASU<\/td><td>432569267<\/td><\/tr><tr><td>Healthcademia France SAS<\/td><td>518405493<\/td><\/tr><tr><td>ISPS Formation Professionnelle SAS<\/td><td>493202733<\/td><\/tr><tr><td>French Graduate School Of Clinical Orthodontics SAS<\/td><td>838044139<\/td><\/tr><tr><td>Healthcademia Education Iberia, S.L.U.<\/td><td>B84697861<\/td><\/tr><tr><td>Inspira Network Group, S.L.U.<\/td><td>B87466405<\/td><\/tr><tr><td>EOM Formaci\u00f3n, S.L.U.<\/td><td>B90070160<\/td><\/tr><tr><td>Dentalliance IESO S.L<\/td><td>B84949536<\/td><\/tr><tr><td>Fundaci\u00f3n AMIR Educaci\u00f3n M\u00e9dica y Formaci\u00f3n Sanitaria<\/td><td>G860877079<\/td><\/tr><tr><td>Academia PNA Unipessoal LDA<\/td><td>PT515550558<\/td><\/tr><tr><td>AMIR Latam, S.L.U.<\/td><td>B88149844<\/td><\/tr><tr><td>AMIR BRASIL EM FORMA\u00c7\u00c3O PROFISSIONAL LTDA<\/td><td>46136969<\/td><\/tr><tr><td>REVALIDANDO EDUCA\u00c7\u00c3O LTDA<\/td><td>J 28.781.876\/0001-31<\/td><\/tr><tr><td>AMIR COLOMBIA SAS<\/td><td>901031938<\/td><\/tr><tr><td>ACADEMIA AMIR COSTA RICA SRL<\/td><td>3102748814<\/td><\/tr><tr><td>FUNDACION EDUCATIVA SAN JUDAS TADEO<\/td><td>3006078010<\/td><\/tr><tr><td>AMIR DOMINICANA SRL<\/td><td>131-83647-1<\/td><\/tr><tr><td>AAMIRECUADOR SA<\/td><td>1,79275E+12<\/td><\/tr><tr><td>ACADEMIA AMIR PERU SAC<\/td><td>20608280121<\/td><\/tr><tr><td>ACADEMIA MIR MEXICO SRL DE CV<\/td><td>AAM161018Q17<\/td><\/tr><tr><td>Accademia Artquiz S.R.L.<\/td><td>3076700305<\/td><\/tr><tr><td>Accademia Italiana Medici Specializzandi S.R.L.<\/td><td>7625410720<\/td><\/tr><tr><td>EOM Italia S.R.L.<\/td><td>4047250230<\/td><\/tr><tr><td>Healthcademia UK LTD<\/td><td>15556067<\/td><\/tr><tr><td>NBMED Medical Education PTY LTD<\/td><td>181412137<\/td><\/tr><\/tbody><\/table><p>Pour toute question ou demande d\u2019information, vous pouvez nous contacter par courrier \u00e9lectronique \u00e0 l\u2019adresse : <a href=\"mailto:dpo@healthcademia.com\">dpo@healthcademia.com<\/a><\/p><p>L\u2019acc\u00e8s au site implique l\u2019acceptation expresse par l\u2019Utilisateur des pr\u00e9sentes Conditions G\u00e9n\u00e9rales d\u2019Utilisation, lesquelles peuvent \u00eatre modifi\u00e9es, totalement ou partiellement, ou remplac\u00e9es par d\u2019autres, par son titulaire et \u00e0 tout moment sans pr\u00e9avis. Nous vous recommandons de consulter r\u00e9guli\u00e8rement ces conditions afin de v\u00e9rifier d\u2019\u00e9ventuelles modifications, qui seront publi\u00e9es dans la m\u00eame section.<\/p><p><strong>2.- Conditions g\u00e9n\u00e9rales d\u2019utilisation.<\/strong><\/p><p>Les pr\u00e9sentes Conditions G\u00e9n\u00e9rales r\u00e9gissent l\u2019utilisation et l\u2019acc\u00e8s au portail Web, dans le but d\u2019\u00e9tablir des r\u00e8gles de bonne conduite et d\u2019utilisation. HEALTHCADEMIA met \u00e0 disposition des utilisateurs des informations sur l\u2019utilisation, les services et les contenus h\u00e9berg\u00e9s sur le site. Par son interm\u00e9diaire, l\u2019utilisateur acc\u00e8de \u00e0 des informations sur des produits et services sp\u00e9cifiques, ainsi qu\u2019\u00e0 des outils et des applications.<\/p><p>Les donn\u00e9es et informations concernant les produits ou services, les prix, les caract\u00e9ristiques ou autres \u00e9l\u00e9ments pertinents propos\u00e9s via le site Web sont fournies et mises \u00e0 jour par des fournisseurs et des entreprises tierces. HEALTHCADEMIA n\u2019est en aucun cas responsable de ces donn\u00e9es et informations, ni n\u2019assume aucune obligation \u00e0 leur \u00e9gard.<\/p><p>L\u2019utilisateur s\u2019engage \u00e0 faire un usage appropri\u00e9 des contenus, services, applications et outils accessibles, conform\u00e9ment \u00e0 la loi, aux pr\u00e9sentes Conditions G\u00e9n\u00e9rales d\u2019Utilisation et, le cas \u00e9ch\u00e9ant, aux Conditions Particuli\u00e8res pouvant \u00eatre \u00e9tablies pour certains services ou applications, en respectant en tout temps les autres utilisateurs.<\/p><p>En cas de non-respect total ou partiel par l\u2019utilisateur des pr\u00e9sentes Conditions G\u00e9n\u00e9rales d\u2019Utilisation, HEALTHCADEMIA se r\u00e9serve le droit de refuser l\u2019acc\u00e8s au site, sans pr\u00e9avis.<\/p><p><strong>3.- Obligations g\u00e9n\u00e9rales de l\u2019utilisateur.<\/strong><\/p><p>En acceptant les pr\u00e9sentes Conditions G\u00e9n\u00e9rales d\u2019Utilisation, l\u2019utilisateur s\u2019engage express\u00e9ment \u00e0 :<\/p><p>&#8211; Ne pas effectuer d\u2019actions destin\u00e9es \u00e0 nuire, bloquer, endommager, d\u00e9sactiver ou surcharger, de mani\u00e8re temporaire ou permanente, les fonctionnalit\u00e9s, outils, contenus et\/ou l\u2019infrastructure du site Web, emp\u00eachant ainsi son utilisation normale.<\/p><p>&#8211; Conserver et maintenir la confidentialit\u00e9 des identifiants d\u2019acc\u00e8s associ\u00e9s \u00e0 son nom d\u2019utilisateur, \u00e9tant responsable de l\u2019utilisation de ces identifiants personnels et non transf\u00e9rables par des tiers.<\/p><p>&#8211; Ne pas introduire ni diffuser de contenus injurieux ou diffamatoires, que ce soit envers d\u2019autres utilisateurs ou envers des entreprises tierces \u00e9trang\u00e8res \u00e0 HEALTHCADEMIA.<\/p><p>&#8211; Ne pas utiliser les mat\u00e9riaux ou informations contenus sur ce site \u00e0 des fins illicites et\/ou express\u00e9ment interdites par les pr\u00e9sentes Conditions G\u00e9n\u00e9rales d\u2019Utilisation, ainsi que celles pouvant \u00eatre \u00e9tablies pour certaines applications et\/ou outils, et contraires aux droits et int\u00e9r\u00eats de HEALTHCADEMIA, de ses utilisateurs et\/ou de tiers.<\/p><p>&#8211; Ne pas proposer ni distribuer de produits ou services, ni r\u00e9aliser de publicit\u00e9 ou communications commerciales non sollicit\u00e9es aupr\u00e8s d\u2019autres utilisateurs ou visiteurs de HEALTHCADEMIA.<\/p><p>L\u2019utilisateur sera responsable de tous les dommages et pr\u00e9judices de toute nature que HEALTHCADEMIA ou tout tiers pourrait subir du fait du non-respect de l\u2019une des obligations impos\u00e9es par ces \u00ab Conditions G\u00e9n\u00e9rales d\u2019Utilisation \u00bb ou par la loi, en relation avec l\u2019acc\u00e8s et\/ou l\u2019utilisation du site Web.<\/p><p><strong>4.- Propri\u00e9t\u00e9 intellectuelle et industrielle.<\/strong><\/p><p>Le site Web, les pages qui le composent et les informations ou \u00e9l\u00e9ments qu\u2019ils contiennent (y compris textes, documents, photographies, dessins, repr\u00e9sentations graphiques, etc.) sont la propri\u00e9t\u00e9 de HEALTHCADEMIA ou de tiers ayant autoris\u00e9 leur utilisation. De m\u00eame, les logos, marques, noms commerciaux et autres signes distinctifs sont prot\u00e9g\u00e9s par des droits de propri\u00e9t\u00e9 intellectuelle et\/ou industrielle.<\/p><p>L\u2019utilisateur s\u2019engage \u00e0 utiliser le contenu de mani\u00e8re diligente et correcte, conform\u00e9ment \u00e0 la loi, \u00e0 la morale et \u00e0 l\u2019ordre public. HEALTHCADEMIA autorise l\u2019utilisateur \u00e0 consulter les informations contenues sur ce site Web, ainsi qu\u2019\u00e0 effectuer des reproductions priv\u00e9es (t\u00e9l\u00e9chargement et stockage sur ses syst\u00e8mes informatiques), \u00e0 condition que ces \u00e9l\u00e9ments soient destin\u00e9s exclusivement \u00e0 un usage personnel. En aucun cas, cela ne constitue une autorisation ou une licence sur les droits de propri\u00e9t\u00e9 de HEALTHCADEMIA ou des titulaires l\u00e9gitimes.<\/p><p>L\u2019utilisateur n\u2019est pas autoris\u00e9 \u00e0 distribuer, modifier, c\u00e9der ou communiquer publiquement les informations contenues sur ce site Web, quelle qu\u2019en soit la forme ou la finalit\u00e9.<\/p><p><strong>5.- Liens.<\/strong><\/p><p>Les connexions et liens vers des sites ou pages Web de tiers sont fournis uniquement pour la commodit\u00e9 de l\u2019utilisateur. HEALTHCADEMIA n\u2019est en aucun cas responsable de ces sites ni de leur contenu.<\/p><p>HEALTHCADEMIA n\u2019assume aucune responsabilit\u00e9 r\u00e9sultant de l\u2019existence de liens entre le contenu de ce site et des contenus situ\u00e9s en dehors de celui-ci, ni de toute mention de contenus externes. Ces liens ou mentions sont purement informatifs et n\u2019impliquent en aucun cas un soutien, une approbation, une commercialisation ou une relation quelconque entre HEALTHCADEMIA et les auteurs, gestionnaires ou propri\u00e9taires de ces contenus ou sites.<\/p><p>La cr\u00e9ation de liens vers ce site Web n\u00e9cessite l\u2019autorisation expresse et \u00e9crite des titulaires du portail.<\/p><p><strong>6.- Responsabilit\u00e9.<\/strong><\/p><p>HEALTHCADEMIA ne garantit pas l\u2019acc\u00e8s continu, ni la visualisation correcte, le t\u00e9l\u00e9chargement ou l\u2019utilit\u00e9 des \u00e9l\u00e9ments et informations contenus sur les pages du portail, pouvant \u00eatre entrav\u00e9s, ralentis ou interrompus par des facteurs ou circonstances ind\u00e9pendants de sa volont\u00e9, ni ceux caus\u00e9s par la pr\u00e9sence de virus informatiques sur Internet.<\/p><p>HEALTHCADEMIA n\u2019assume aucune responsabilit\u00e9 pour les dommages, pertes, r\u00e9clamations ou d\u00e9penses caus\u00e9s par :<\/p><p>(i) Interf\u00e9rences, interruptions, d\u00e9faillances, omissions, retards, blocages ou d\u00e9connexions dus \u00e0 des erreurs dans les lignes et r\u00e9seaux de t\u00e9l\u00e9communications ou \u00e0 toute autre cause ind\u00e9pendante du contr\u00f4le de HEALTHCADEMIA.<br \/>(ii) Intrusions ill\u00e9gitimes par l\u2019utilisation de programmes malveillants de tout type et par tout moyen de communication, tels que virus informatiques ou autres ;<br \/>(iii) Utilisation inappropri\u00e9e du site Web de HEALTHCADEMIA ;<br \/>(iv) Erreurs de s\u00e9curit\u00e9 ou de navigation caus\u00e9es par un mauvais fonctionnement du navigateur ou par l\u2019utilisation de versions obsol\u00e8tes.<\/p><p>HEALTHCADEMIA ne sera en aucun cas responsable envers les utilisateurs ou les tiers des actes de tiers ext\u00e9rieurs \u00e0 HEALTHCADEMIA impliquant ou pouvant impliquer des actes de concurrence d\u00e9loyale, de publicit\u00e9 illicite ou la violation des droits de propri\u00e9t\u00e9 intellectuelle et industrielle, des secrets d\u2019affaires, des engagements contractuels de toute nature, des droits \u00e0 l\u2019honneur, \u00e0 la vie priv\u00e9e, \u00e0 l\u2019image, des droits de propri\u00e9t\u00e9 ou de toute autre nature appartenant \u00e0 des tiers, r\u00e9sultant de la transmission, de la diffusion, de la mise \u00e0 disposition ou de l\u2019acc\u00e8s aux contenus.<\/p><p><strong>7.- Protection des donn\u00e9es personnelles.<\/strong><\/p><p>L\u2019ensemble de la politique de traitement des donn\u00e9es personnelles est disponible dans la Politique de Confidentialit\u00e9, qui fait partie int\u00e9grante des pr\u00e9sentes Conditions G\u00e9n\u00e9rales, mais que nous avons plac\u00e9e dans un document distinct pour plus de simplicit\u00e9 : <a href=\"https:\/\/healthcademia.com\/fr\/politique-de-confidentialite\/\"><u>Politique de Confidentialit\u00e9<\/u><\/a>.<\/p><p><strong>8.- L\u00e9gislation applicable.<\/strong><\/p><p>Les pr\u00e9sentes Mentions l\u00e9gales et leurs termes et conditions seront r\u00e9gis et interpr\u00e9t\u00e9s conform\u00e9ment au droit espagnol. L\u2019utilisateur, du seul fait d\u2019acc\u00e9der au site Web ou d\u2019obtenir la condition d\u2019utilisateur enregistr\u00e9, consent irr\u00e9vocablement \u00e0 la comp\u00e9tence des tribunaux comp\u00e9tents pour conna\u00eetre toute action judiciaire d\u00e9coulant de ou li\u00e9e aux pr\u00e9sentes conditions ou \u00e0 l\u2019utilisation de ce site.<\/p><p>Si une clause ou section des pr\u00e9sentes Conditions G\u00e9n\u00e9rales, non essentielle \u00e0 leur existence, est d\u00e9clar\u00e9e nulle ou inapplicable, la validit\u00e9 des autres clauses n\u2019en sera pas affect\u00e9e.<\/p>\t\t\t\t\t\t\t\t<\/div>\n\t\t\t\t<\/div>\n\t\t\t\t\t<\/div>\n\t\t<\/div>\n\t\t\t\t\t<\/div>\n\t\t<\/section>\n\t\t\t\t<\/div>\n\t\t","protected":false},"excerpt":{"rendered":"<p>Nous vous remercions d\u2019avoir choisi de nous rendre visite. Nous souhaitons que votre exp\u00e9rience sur notre site Web soit la plus agr\u00e9able possible. Pour acc\u00e9der \u00e0 nos services, vous d\u00e9clarez \u00eatre majeur et disposer de la capacit\u00e9 juridique suffisante pour utiliser nos services, conform\u00e9ment \u00e0 votre l\u00e9gislation nationale. L\u2019acc\u00e8s et la navigation sur ce site [&hellip;]<\/p>\n","protected":false},"author":7,"featured_media":0,"parent":0,"menu_order":0,"comment_status":"closed","ping_status":"closed","template":"","meta":{"_acf_changed":false,"_monsterinsights_skip_tracking":false,"_monsterinsights_sitenote_active":false,"_monsterinsights_sitenote_note":"","_monsterinsights_sitenote_category":0,"footnotes":""},"class_list":["post-3944","page","type-page","status-publish","hentry"],"acf":[],"yoast_head":"<!-- This site is optimized with the Yoast SEO plugin v27.4 - https:\/\/yoast.com\/product\/yoast-seo-wordpress\/ -->\n<title>Mentions l\u00e9gales - Healthcademia<\/title>\n<meta name=\"robots\" content=\"index, follow, max-snippet:-1, max-image-preview:large, max-video-preview:-1\" \/>\n<link rel=\"canonical\" href=\"https:\/\/healthcademia.com\/fr\/mentions-legales\/\" \/>\n<meta property=\"og:locale\" content=\"fr_FR\" \/>\n<meta property=\"og:type\" content=\"article\" \/>\n<meta property=\"og:title\" content=\"Mentions l\u00e9gales - Healthcademia\" \/>\n<meta property=\"og:description\" content=\"Nous vous remercions d\u2019avoir choisi de nous rendre visite. Nous souhaitons que votre exp\u00e9rience sur notre site Web soit la plus agr\u00e9able possible. Pour acc\u00e9der \u00e0 nos services, vous d\u00e9clarez \u00eatre majeur et disposer de la capacit\u00e9 juridique suffisante pour utiliser nos services, conform\u00e9ment \u00e0 votre l\u00e9gislation nationale. L\u2019acc\u00e8s et la navigation sur ce site [&hellip;]\" \/>\n<meta property=\"og:url\" content=\"https:\/\/healthcademia.com\/fr\/mentions-legales\/\" \/>\n<meta property=\"og:site_name\" content=\"Healthcademia\" \/>\n<meta property=\"article:modified_time\" content=\"2025-11-03T13:03:18+00:00\" \/>\n<meta name=\"twitter:card\" content=\"summary_large_image\" \/>\n<meta name=\"twitter:label1\" content=\"Dur\u00e9e de lecture estim\u00e9e\" \/>\n\t<meta name=\"twitter:data1\" content=\"8 minutes\" \/>\n<script type=\"application\/ld+json\" class=\"yoast-schema-graph\">{\"@context\":\"https:\\\/\\\/schema.org\",\"@graph\":[{\"@type\":\"WebPage\",\"@id\":\"https:\\\/\\\/healthcademia.com\\\/fr\\\/mentions-legales\\\/\",\"url\":\"https:\\\/\\\/healthcademia.com\\\/fr\\\/mentions-legales\\\/\",\"name\":\"Mentions l\u00e9gales - Healthcademia\",\"isPartOf\":{\"@id\":\"https:\\\/\\\/healthcademia.com\\\/#website\"},\"datePublished\":\"2025-11-03T12:46:44+00:00\",\"dateModified\":\"2025-11-03T13:03:18+00:00\",\"breadcrumb\":{\"@id\":\"https:\\\/\\\/healthcademia.com\\\/fr\\\/mentions-legales\\\/#breadcrumb\"},\"inLanguage\":\"fr-FR\",\"potentialAction\":[{\"@type\":\"ReadAction\",\"target\":[\"https:\\\/\\\/healthcademia.com\\\/fr\\\/mentions-legales\\\/\"]}]},{\"@type\":\"BreadcrumbList\",\"@id\":\"https:\\\/\\\/healthcademia.com\\\/fr\\\/mentions-legales\\\/#breadcrumb\",\"itemListElement\":[{\"@type\":\"ListItem\",\"position\":1,\"name\":\"Home\",\"item\":\"https:\\\/\\\/healthcademia.com\\\/fr\\\/\"},{\"@type\":\"ListItem\",\"position\":2,\"name\":\"Mentions l\u00e9gales\"}]},{\"@type\":\"WebSite\",\"@id\":\"https:\\\/\\\/healthcademia.com\\\/#website\",\"url\":\"https:\\\/\\\/healthcademia.com\\\/\",\"name\":\"Healthcademia\",\"description\":\"\",\"publisher\":{\"@id\":\"https:\\\/\\\/healthcademia.com\\\/#organization\"},\"potentialAction\":[{\"@type\":\"SearchAction\",\"target\":{\"@type\":\"EntryPoint\",\"urlTemplate\":\"https:\\\/\\\/healthcademia.com\\\/?s={search_term_string}\"},\"query-input\":{\"@type\":\"PropertyValueSpecification\",\"valueRequired\":true,\"valueName\":\"search_term_string\"}}],\"inLanguage\":\"fr-FR\"},{\"@type\":\"Organization\",\"@id\":\"https:\\\/\\\/healthcademia.com\\\/#organization\",\"name\":\"Healthcademia\",\"url\":\"https:\\\/\\\/healthcademia.com\\\/\",\"logo\":{\"@type\":\"ImageObject\",\"inLanguage\":\"fr-FR\",\"@id\":\"https:\\\/\\\/healthcademia.com\\\/#\\\/schema\\\/logo\\\/image\\\/\",\"url\":\"https:\\\/\\\/healthcademia.com\\\/wp-content\\\/uploads\\\/2023\\\/08\\\/healthcademia-color-positivo.png\",\"contentUrl\":\"https:\\\/\\\/healthcademia.com\\\/wp-content\\\/uploads\\\/2023\\\/08\\\/healthcademia-color-positivo.png\",\"width\":1807,\"height\":661,\"caption\":\"Healthcademia\"},\"image\":{\"@id\":\"https:\\\/\\\/healthcademia.com\\\/#\\\/schema\\\/logo\\\/image\\\/\"}}]}<\/script>\n<!-- \/ Yoast SEO plugin. -->","yoast_head_json":{"title":"Mentions l\u00e9gales - Healthcademia","robots":{"index":"index","follow":"follow","max-snippet":"max-snippet:-1","max-image-preview":"max-image-preview:large","max-video-preview":"max-video-preview:-1"},"canonical":"https:\/\/healthcademia.com\/fr\/mentions-legales\/","og_locale":"fr_FR","og_type":"article","og_title":"Mentions l\u00e9gales - Healthcademia","og_description":"Nous vous remercions d\u2019avoir choisi de nous rendre visite. Nous souhaitons que votre exp\u00e9rience sur notre site Web soit la plus agr\u00e9able possible. Pour acc\u00e9der \u00e0 nos services, vous d\u00e9clarez \u00eatre majeur et disposer de la capacit\u00e9 juridique suffisante pour utiliser nos services, conform\u00e9ment \u00e0 votre l\u00e9gislation nationale. L\u2019acc\u00e8s et la navigation sur ce site [&hellip;]","og_url":"https:\/\/healthcademia.com\/fr\/mentions-legales\/","og_site_name":"Healthcademia","article_modified_time":"2025-11-03T13:03:18+00:00","twitter_card":"summary_large_image","twitter_misc":{"Dur\u00e9e de lecture estim\u00e9e":"8 minutes"},"schema":{"@context":"https:\/\/schema.org","@graph":[{"@type":"WebPage","@id":"https:\/\/healthcademia.com\/fr\/mentions-legales\/","url":"https:\/\/healthcademia.com\/fr\/mentions-legales\/","name":"Mentions l\u00e9gales - Healthcademia","isPartOf":{"@id":"https:\/\/healthcademia.com\/#website"},"datePublished":"2025-11-03T12:46:44+00:00","dateModified":"2025-11-03T13:03:18+00:00","breadcrumb":{"@id":"https:\/\/healthcademia.com\/fr\/mentions-legales\/#breadcrumb"},"inLanguage":"fr-FR","potentialAction":[{"@type":"ReadAction","target":["https:\/\/healthcademia.com\/fr\/mentions-legales\/"]}]},{"@type":"BreadcrumbList","@id":"https:\/\/healthcademia.com\/fr\/mentions-legales\/#breadcrumb","itemListElement":[{"@type":"ListItem","position":1,"name":"Home","item":"https:\/\/healthcademia.com\/fr\/"},{"@type":"ListItem","position":2,"name":"Mentions l\u00e9gales"}]},{"@type":"WebSite","@id":"https:\/\/healthcademia.com\/#website","url":"https:\/\/healthcademia.com\/","name":"Healthcademia","description":"","publisher":{"@id":"https:\/\/healthcademia.com\/#organization"},"potentialAction":[{"@type":"SearchAction","target":{"@type":"EntryPoint","urlTemplate":"https:\/\/healthcademia.com\/?s={search_term_string}"},"query-input":{"@type":"PropertyValueSpecification","valueRequired":true,"valueName":"search_term_string"}}],"inLanguage":"fr-FR"},{"@type":"Organization","@id":"https:\/\/healthcademia.com\/#organization","name":"Healthcademia","url":"https:\/\/healthcademia.com\/","logo":{"@type":"ImageObject","inLanguage":"fr-FR","@id":"https:\/\/healthcademia.com\/#\/schema\/logo\/image\/","url":"https:\/\/healthcademia.com\/wp-content\/uploads\/2023\/08\/healthcademia-color-positivo.png","contentUrl":"https:\/\/healthcademia.com\/wp-content\/uploads\/2023\/08\/healthcademia-color-positivo.png","width":1807,"height":661,"caption":"Healthcademia"},"image":{"@id":"https:\/\/healthcademia.com\/#\/schema\/logo\/image\/"}}]}},"_links":{"self":[{"href":"https:\/\/healthcademia.com\/fr\/wp-json\/wp\/v2\/pages\/3944","targetHints":{"allow":["GET"]}}],"collection":[{"href":"https:\/\/healthcademia.com\/fr\/wp-json\/wp\/v2\/pages"}],"about":[{"href":"https:\/\/healthcademia.com\/fr\/wp-json\/wp\/v2\/types\/page"}],"author":[{"embeddable":true,"href":"https:\/\/healthcademia.com\/fr\/wp-json\/wp\/v2\/users\/7"}],"replies":[{"embeddable":true,"href":"https:\/\/healthcademia.com\/fr\/wp-json\/wp\/v2\/comments?post=3944"}],"version-history":[{"count":4,"href":"https:\/\/healthcademia.com\/fr\/wp-json\/wp\/v2\/pages\/3944\/revisions"}],"predecessor-version":[{"id":3966,"href":"https:\/\/healthcademia.com\/fr\/wp-json\/wp\/v2\/pages\/3944\/revisions\/3966"}],"wp:attachment":[{"href":"https:\/\/healthcademia.com\/fr\/wp-json\/wp\/v2\/media?parent=3944"}],"curies":[{"name":"wp","href":"https:\/\/api.w.org\/{rel}","templated":true}]}}