{"id":2493,"date":"2023-08-21T08:02:32","date_gmt":"2023-08-21T08:02:32","guid":{"rendered":"https:\/\/healthcademia.com\/privacy-policy\/"},"modified":"2025-11-03T12:22:26","modified_gmt":"2025-11-03T12:22:26","slug":"informativa-sulla-privacy","status":"publish","type":"page","link":"https:\/\/healthcademia.com\/it\/informativa-sulla-privacy\/","title":{"rendered":"Informativa sulla privacy"},"content":{"rendered":"\n<h4><b>Informativa sulla privacy<\/b><\/h4>\n\n\n\n<p><\/p>\n\n\n\n<p><strong>1. INFORMAZIONI PER L&#8217;UTENTE<\/strong><\/p>\n\n\n\n<p><strong>Chi \u00e8 il titolare del trattamento dei dati personali?<\/strong><\/p>\n\n\n\n<p><strong>AGORA BIDCO<\/strong> e le altre societ\u00e0 che fanno parte di HEALTHCADEMIA, elencate nel nostro Avviso legale, trattano i tuoi dati in qualit\u00e0 di contitolari del trattamento. Ci\u00f2 significa che abbiamo stabilito e condividiamo congiuntamente la responsabilit\u00e0 del trattamento e della protezione dei tuoi dati personali.<\/p>\n\n\n\n<p><strong>Perch\u00e9 trattiamo i vostri dati personali?<\/strong><\/p>\n\n\n\n<p>Per mantenere una relazione commerciale con l&#8217;utente. Le operazioni di trattamento previste sono:<\/p>\n\n\n\n<ul class=\"wp-block-list\">\n<li>Invio di comunicazioni commerciali pubblicitarie tramite e-mail o qualsiasi altro mezzo elettronico o fisico, presente o futuro, che consenta comunicazioni commerciali. Tali comunicazioni saranno effettuate dal TITOLARE o dalle societ\u00e0 del suo gruppo e saranno relative ai suoi prodotti e servizi, o ai suoi collaboratori o fornitori, con i quali ha raggiunto un accordo di promozione. In questo caso, le terze parti non avranno mai accesso ai dati personali.<\/li>\n\n\n\n<li>Condurre ricerche di mercato e analisi statistiche.<\/li>\n\n\n\n<li>Offrire prodotti e servizi e inviare inviti a eventuali corsi di formazione, webinar ed eventi, sempre in relazione ai servizi e ai fini del trattamento.<\/li>\n\n\n\n<li>Elaborare ordini, richieste, rispondere a quesiti o a qualsiasi tipo di richiesta avanzata dall&#8217;UTENTE attraverso uno qualsiasi dei metodi di contatto disponibili sul sito web del TITOLARE.<\/li>\n\n\n\n<li>Inviare la newsletter online sulle novit\u00e0, le offerte e le promozioni della nostra attivit\u00e0.<\/li>\n<\/ul>\n\n\n\n<p><strong>Perch\u00e9 possiamo trattare i vostri dati personali?<\/strong><\/p>\n\n\n\n<p>Perch\u00e9 il trattamento \u00e8 legittimato dall&#8217;articolo 6 del GDPR come segue:<\/p>\n\n\n\n<ul class=\"wp-block-list\">\n<li>Con il consenso dell&#8217;UTENTE: invio di comunicazioni commerciali e della newsletter.<\/li>\n\n\n\n<li>Nel legittimo interesse del TITOLARE: condurre ricerche di mercato, analisi statistiche, ecc. ed elaborare ordini, richieste, ecc. su richiesta dell&#8217;UTENTE.<\/li>\n<\/ul>\n\n\n\n<p><strong>Per quanto tempo conserveremo i vostri dati personali?<\/strong><\/p>\n\n\n\n<p>I dati saranno conservati per un periodo di tempo non superiore a quello necessario per mantenere lo scopo del trattamento o per tutto il tempo in cui esistono prescrizioni legali che ne impongono la custodia; quando tale scopo non \u00e8 pi\u00f9 necessario, i dati saranno cancellati con misure di sicurezza adeguate per garantire l&#8217;anonimizzazione dei dati o la loro completa distruzione.<\/p>\n\n\n\n<p><strong>A chi comunichiamo i vostri dati personali?<\/strong><\/p>\n\n\n\n<p>\u00c8 previsto il trasferimento dei dati a societ\u00e0 del gruppo a livello di UE per la stessa finalit\u00e0 o obbligo legale, e se necessario per lo sviluppo e l&#8217;esecuzione delle finalit\u00e0 del trattamento, ai nostri fornitori di servizi relativi alle comunicazioni, con i quali il TITOLARE ha sottoscritto i contratti di riservatezza e di responsabile del trattamento dei dati richiesti dalla vigente normativa sulla privacy. I dati possono essere trasferiti a societ\u00e0 del gruppo situate in LATAM e il trattamento dei dati sar\u00e0 effettuato in modo appropriato, in base alle normative sulla protezione dei dati in vigore nei paesi corrispondenti. Queste informazioni saranno disponibili sul sito web. La trasmissione di dati all&#8217;interno di un GRUPPO AZIENDALE per scopi amministrativi, lavorativi o commerciali non \u00e8 considerata un trasferimento di dati ai DESTINATARI, pertanto non sar\u00e0 obbligatorio riportarlo nell&#8217;informativa fornita al SOGGETTO DEI DATI. L&#8217;elenco delle aziende del gruppo sar\u00e0 riportato in un documento separato sul sito web o in qualche sezione dello stesso.<\/p>\n\n\n\n<p><strong>Quali sono i suoi diritti?<\/strong><\/p>\n\n\n\n<p>I diritti dell&#8217;UTENTE sono:<\/p>\n\n\n\n<ul class=\"wp-block-list\">\n<li>Diritto di revocare il consenso in qualsiasi momento.<\/li>\n\n\n\n<li>Diritto di accesso, rettifica, portabilit\u00e0 e cancellazione dei propri dati e limitazione o opposizione al loro trattamento.<\/li>\n\n\n\n<li>Diritto di presentare un reclamo all&#8217;Autorit\u00e0 di vigilanza spagnola (www.aepd.es) se si ritiene che il trattamento non sia conforme alla normativa vigente.<\/li>\n<\/ul>\n\n\n\n<p><strong>Informazioni di contatto per l&#8217;esercizio dei diritti:<\/strong><\/p>\n\n\n\n<p>AGORA BIDCO. BOULEVARD VAUGIRARD, 30-32 &#8211; 75015 PARIGI. E-mail:  <a href=\"mailto:dpo@healthcademia.com\">dpo@healthcademia.com<\/a><\/p>\n\n\n\n<p><strong>2. NATURA OBBLIGATORIA O FACOLTATIVA DELLE INFORMAZIONI FORNITE DALL&#8217;UTENTE<\/strong><\/p>\n\n\n\n<p>L&#8217;UTENTE, contrassegnando le caselle corrispondenti e inserendo i dati nei campi, contrassegnati da un asterisco (*) nel modulo di contatto o nei moduli di download, accetta espressamente e in modo libero e inequivocabile che i propri dati siano necessari al fornitore per soddisfare la sua richiesta, fornendo volontariamente i propri dati nei campi rimanenti. L&#8217;UTENTE garantisce la veridicit\u00e0 dei dati personali forniti al FORNITORE ed \u00e8 responsabile della comunicazione di eventuali variazioni degli stessi.<\/p>\n\n\n\n<p>Il FORNITORE informa che tutti i dati richiesti tramite il sito web sono obbligatori, in quanto necessari per la fornitura di un servizio ottimale all&#8217;UTENTE. Nel caso in cui non vengano forniti tutti i dati, non si garantisce che le informazioni e i servizi forniti siano completamente adeguati alle esigenze dell&#8217;Utente.<\/p>\n\n\n\n<p><strong>3. MISURE DI SICUREZZA<\/strong><\/p>\n\n\n\n<p>Che in conformit\u00e0 alle disposizioni della normativa vigente in materia di protezione dei dati personali, il TITOLARE rispetta tutte le disposizioni del GDPR e della normativa LOPDGDD per il trattamento dei dati personali di cui \u00e8 responsabile, e rispetta manifestamente i principi descritti nell&#8217;articolo 5 del GDPR, in base ai quali essi sono trattati in modo lecito, equo e trasparente nei confronti dell&#8217;interessato e appropriato, pertinente e limitato a quanto necessario in relazione alle finalit\u00e0 per cui sono trattati.<\/p>\n\n\n\n<p>Il TITOLARE garantisce che sono state implementate tutte le politiche tecniche e organizzative appropriate per applicare le misure di sicurezza stabilite dal GDPR e dalla LOPDGDD al fine di proteggere i diritti e le libert\u00e0 degli UTENTI e ha comunicato loro le informazioni appropriate per poterli esercitare.<\/p>\n\n\n\n<p>Per ulteriori informazioni sulle garanzie di privacy, \u00e8 possibile contattare il TITOLARE tramite AGORA BIDCO. BOULEVARD VAUGIRARD, 30-32 &#8211; 75015 PARIS . E-mail:  <a href=\"mailto:dpo@healthcademia.com\">dpo@healthcademia.com<\/a><\/p>\n\n\n\n<div style=\"height:64px\" aria-hidden=\"true\" class=\"wp-block-spacer\"><\/div>\n","protected":false},"excerpt":{"rendered":"<p>Informativa sulla privacy 1. INFORMAZIONI PER L&#8217;UTENTE Chi \u00e8 il titolare del trattamento dei dati personali? AGORA BIDCO e le altre societ\u00e0 che fanno parte di HEALTHCADEMIA, elencate nel nostro Avviso legale, trattano i tuoi dati in qualit\u00e0 di contitolari del trattamento. Ci\u00f2 significa che abbiamo stabilito e condividiamo congiuntamente la responsabilit\u00e0 del trattamento e [&hellip;]<\/p>\n","protected":false},"author":3,"featured_media":0,"parent":0,"menu_order":0,"comment_status":"closed","ping_status":"open","template":"","meta":{"_acf_changed":false,"_monsterinsights_skip_tracking":false,"_monsterinsights_sitenote_active":false,"_monsterinsights_sitenote_note":"","_monsterinsights_sitenote_category":0,"footnotes":""},"class_list":["post-2493","page","type-page","status-publish","hentry"],"acf":[],"yoast_head":"<!-- This site is optimized with the Yoast SEO plugin v27.4 - https:\/\/yoast.com\/product\/yoast-seo-wordpress\/ -->\n<title>Informativa sulla privacy - Healthcademia<\/title>\n<meta name=\"robots\" content=\"index, follow, max-snippet:-1, max-image-preview:large, max-video-preview:-1\" \/>\n<link rel=\"canonical\" href=\"https:\/\/healthcademia.com\/it\/informativa-sulla-privacy\/\" \/>\n<meta property=\"og:locale\" content=\"it_IT\" \/>\n<meta property=\"og:type\" content=\"article\" \/>\n<meta property=\"og:title\" content=\"Informativa sulla privacy - Healthcademia\" \/>\n<meta property=\"og:description\" content=\"Informativa sulla privacy 1. INFORMAZIONI PER L&#8217;UTENTE Chi \u00e8 il titolare del trattamento dei dati personali? AGORA BIDCO e le altre societ\u00e0 che fanno parte di HEALTHCADEMIA, elencate nel nostro Avviso legale, trattano i tuoi dati in qualit\u00e0 di contitolari del trattamento. Ci\u00f2 significa che abbiamo stabilito e condividiamo congiuntamente la responsabilit\u00e0 del trattamento e [&hellip;]\" \/>\n<meta property=\"og:url\" content=\"https:\/\/healthcademia.com\/it\/informativa-sulla-privacy\/\" \/>\n<meta property=\"og:site_name\" content=\"Healthcademia\" \/>\n<meta property=\"article:modified_time\" content=\"2025-11-03T12:22:26+00:00\" \/>\n<meta name=\"twitter:card\" content=\"summary_large_image\" \/>\n<meta name=\"twitter:label1\" content=\"Tempo di lettura stimato\" \/>\n\t<meta name=\"twitter:data1\" content=\"4 minuti\" \/>\n<script type=\"application\/ld+json\" class=\"yoast-schema-graph\">{\"@context\":\"https:\\\/\\\/schema.org\",\"@graph\":[{\"@type\":\"WebPage\",\"@id\":\"https:\\\/\\\/healthcademia.com\\\/it\\\/informativa-sulla-privacy\\\/\",\"url\":\"https:\\\/\\\/healthcademia.com\\\/it\\\/informativa-sulla-privacy\\\/\",\"name\":\"Informativa sulla privacy - Healthcademia\",\"isPartOf\":{\"@id\":\"https:\\\/\\\/healthcademia.com\\\/#website\"},\"datePublished\":\"2023-08-21T08:02:32+00:00\",\"dateModified\":\"2025-11-03T12:22:26+00:00\",\"breadcrumb\":{\"@id\":\"https:\\\/\\\/healthcademia.com\\\/it\\\/informativa-sulla-privacy\\\/#breadcrumb\"},\"inLanguage\":\"it-IT\",\"potentialAction\":[{\"@type\":\"ReadAction\",\"target\":[\"https:\\\/\\\/healthcademia.com\\\/it\\\/informativa-sulla-privacy\\\/\"]}]},{\"@type\":\"BreadcrumbList\",\"@id\":\"https:\\\/\\\/healthcademia.com\\\/it\\\/informativa-sulla-privacy\\\/#breadcrumb\",\"itemListElement\":[{\"@type\":\"ListItem\",\"position\":1,\"name\":\"Home\",\"item\":\"https:\\\/\\\/healthcademia.com\\\/it\\\/\"},{\"@type\":\"ListItem\",\"position\":2,\"name\":\"Informativa sulla privacy\"}]},{\"@type\":\"WebSite\",\"@id\":\"https:\\\/\\\/healthcademia.com\\\/#website\",\"url\":\"https:\\\/\\\/healthcademia.com\\\/\",\"name\":\"Healthcademia\",\"description\":\"\",\"publisher\":{\"@id\":\"https:\\\/\\\/healthcademia.com\\\/#organization\"},\"potentialAction\":[{\"@type\":\"SearchAction\",\"target\":{\"@type\":\"EntryPoint\",\"urlTemplate\":\"https:\\\/\\\/healthcademia.com\\\/?s={search_term_string}\"},\"query-input\":{\"@type\":\"PropertyValueSpecification\",\"valueRequired\":true,\"valueName\":\"search_term_string\"}}],\"inLanguage\":\"it-IT\"},{\"@type\":\"Organization\",\"@id\":\"https:\\\/\\\/healthcademia.com\\\/#organization\",\"name\":\"Healthcademia\",\"url\":\"https:\\\/\\\/healthcademia.com\\\/\",\"logo\":{\"@type\":\"ImageObject\",\"inLanguage\":\"it-IT\",\"@id\":\"https:\\\/\\\/healthcademia.com\\\/#\\\/schema\\\/logo\\\/image\\\/\",\"url\":\"https:\\\/\\\/healthcademia.com\\\/wp-content\\\/uploads\\\/2023\\\/08\\\/healthcademia-color-positivo.png\",\"contentUrl\":\"https:\\\/\\\/healthcademia.com\\\/wp-content\\\/uploads\\\/2023\\\/08\\\/healthcademia-color-positivo.png\",\"width\":1807,\"height\":661,\"caption\":\"Healthcademia\"},\"image\":{\"@id\":\"https:\\\/\\\/healthcademia.com\\\/#\\\/schema\\\/logo\\\/image\\\/\"}}]}<\/script>\n<!-- \/ Yoast SEO plugin. -->","yoast_head_json":{"title":"Informativa sulla privacy - Healthcademia","robots":{"index":"index","follow":"follow","max-snippet":"max-snippet:-1","max-image-preview":"max-image-preview:large","max-video-preview":"max-video-preview:-1"},"canonical":"https:\/\/healthcademia.com\/it\/informativa-sulla-privacy\/","og_locale":"it_IT","og_type":"article","og_title":"Informativa sulla privacy - Healthcademia","og_description":"Informativa sulla privacy 1. INFORMAZIONI PER L&#8217;UTENTE Chi \u00e8 il titolare del trattamento dei dati personali? AGORA BIDCO e le altre societ\u00e0 che fanno parte di HEALTHCADEMIA, elencate nel nostro Avviso legale, trattano i tuoi dati in qualit\u00e0 di contitolari del trattamento. Ci\u00f2 significa che abbiamo stabilito e condividiamo congiuntamente la responsabilit\u00e0 del trattamento e [&hellip;]","og_url":"https:\/\/healthcademia.com\/it\/informativa-sulla-privacy\/","og_site_name":"Healthcademia","article_modified_time":"2025-11-03T12:22:26+00:00","twitter_card":"summary_large_image","twitter_misc":{"Tempo di lettura stimato":"4 minuti"},"schema":{"@context":"https:\/\/schema.org","@graph":[{"@type":"WebPage","@id":"https:\/\/healthcademia.com\/it\/informativa-sulla-privacy\/","url":"https:\/\/healthcademia.com\/it\/informativa-sulla-privacy\/","name":"Informativa sulla privacy - Healthcademia","isPartOf":{"@id":"https:\/\/healthcademia.com\/#website"},"datePublished":"2023-08-21T08:02:32+00:00","dateModified":"2025-11-03T12:22:26+00:00","breadcrumb":{"@id":"https:\/\/healthcademia.com\/it\/informativa-sulla-privacy\/#breadcrumb"},"inLanguage":"it-IT","potentialAction":[{"@type":"ReadAction","target":["https:\/\/healthcademia.com\/it\/informativa-sulla-privacy\/"]}]},{"@type":"BreadcrumbList","@id":"https:\/\/healthcademia.com\/it\/informativa-sulla-privacy\/#breadcrumb","itemListElement":[{"@type":"ListItem","position":1,"name":"Home","item":"https:\/\/healthcademia.com\/it\/"},{"@type":"ListItem","position":2,"name":"Informativa sulla privacy"}]},{"@type":"WebSite","@id":"https:\/\/healthcademia.com\/#website","url":"https:\/\/healthcademia.com\/","name":"Healthcademia","description":"","publisher":{"@id":"https:\/\/healthcademia.com\/#organization"},"potentialAction":[{"@type":"SearchAction","target":{"@type":"EntryPoint","urlTemplate":"https:\/\/healthcademia.com\/?s={search_term_string}"},"query-input":{"@type":"PropertyValueSpecification","valueRequired":true,"valueName":"search_term_string"}}],"inLanguage":"it-IT"},{"@type":"Organization","@id":"https:\/\/healthcademia.com\/#organization","name":"Healthcademia","url":"https:\/\/healthcademia.com\/","logo":{"@type":"ImageObject","inLanguage":"it-IT","@id":"https:\/\/healthcademia.com\/#\/schema\/logo\/image\/","url":"https:\/\/healthcademia.com\/wp-content\/uploads\/2023\/08\/healthcademia-color-positivo.png","contentUrl":"https:\/\/healthcademia.com\/wp-content\/uploads\/2023\/08\/healthcademia-color-positivo.png","width":1807,"height":661,"caption":"Healthcademia"},"image":{"@id":"https:\/\/healthcademia.com\/#\/schema\/logo\/image\/"}}]}},"_links":{"self":[{"href":"https:\/\/healthcademia.com\/it\/wp-json\/wp\/v2\/pages\/2493","targetHints":{"allow":["GET"]}}],"collection":[{"href":"https:\/\/healthcademia.com\/it\/wp-json\/wp\/v2\/pages"}],"about":[{"href":"https:\/\/healthcademia.com\/it\/wp-json\/wp\/v2\/types\/page"}],"author":[{"embeddable":true,"href":"https:\/\/healthcademia.com\/it\/wp-json\/wp\/v2\/users\/3"}],"replies":[{"embeddable":true,"href":"https:\/\/healthcademia.com\/it\/wp-json\/wp\/v2\/comments?post=2493"}],"version-history":[{"count":2,"href":"https:\/\/healthcademia.com\/it\/wp-json\/wp\/v2\/pages\/2493\/revisions"}],"predecessor-version":[{"id":3936,"href":"https:\/\/healthcademia.com\/it\/wp-json\/wp\/v2\/pages\/2493\/revisions\/3936"}],"wp:attachment":[{"href":"https:\/\/healthcademia.com\/it\/wp-json\/wp\/v2\/media?parent=2493"}],"curies":[{"name":"wp","href":"https:\/\/api.w.org\/{rel}","templated":true}]}}