{"id":2495,"date":"2023-10-18T14:12:47","date_gmt":"2023-10-18T14:12:47","guid":{"rendered":"https:\/\/healthcademia.com\/consent-for-processing-personal-data\/"},"modified":"2024-01-29T18:14:06","modified_gmt":"2024-01-29T18:14:06","slug":"termini-di-uso","status":"publish","type":"page","link":"https:\/\/healthcademia.com\/it\/termini-di-uso\/","title":{"rendered":"Termini di Uso"},"content":{"rendered":"\n<h4><b>CONSENSO AL TRATTAMENTO DEI DATI PERSONALI<\/b><\/h4>\n\n\n\n<p><\/p>\n\n\n\n<p><strong>AGORA BIDCO<\/strong> \u00e8 il Titolare del trattamento dei dati personali dell&#8217;Utente e lo informa che tali dati saranno trattati in conformit\u00e0 alle disposizioni del Regolamento (UE) 2016\/679 del 27 aprile (GDPR) e della Legge Organica 3\/2018 del 5 dicembre (LOPDGDD), fornendo le seguenti informazioni sul trattamento:<\/p>\n\n\n\n<p><strong>Finalit\u00e0 e legittimazione del trattamento:<\/strong> mantenimento di un rapporto commerciale (nel legittimo interesse del Titolare, art. 6.1.f GDPR) e invio di comunicazioni relative a prodotti o servizi (con il consenso dell&#8217;Interessato, art. 6.1.a GDPR).<\/p>\n\n\n\n<p><strong>Criteri di conservazione dei dati:<\/strong> i dati saranno conservati per un periodo di tempo non superiore a quello necessario per il mantenimento delle finalit\u00e0 del trattamento o per il tempo in cui vi siano prescrizioni di legge che ne impongano la custodia; quando tali finalit\u00e0 non sono pi\u00f9 necessarie, i dati saranno cancellati con misure di sicurezza adeguate a garantire l&#8217;anonimizzazione dei dati o la loro completa distruzione.<\/p>\n\n\n\n<p><strong>Comunicazione dei dati:<br><\/strong>\u00c8 previsto il trasferimento dei dati a societ\u00e0 del gruppo a livello UE per la stessa finalit\u00e0 o obbligo di legge, e se necessario per lo sviluppo e l&#8217;esecuzione delle finalit\u00e0 del trattamento, ai nostri fornitori di servizi relativi alle comunicazioni, con i quali il TITOLARE ha sottoscritto i contratti di riservatezza e di responsabile del trattamento dei dati richiesti dalla vigente normativa sulla privacy.<\/p>\n\n\n\n<p>I dati possono essere trasferiti a societ\u00e0 del gruppo situate in LATAM e il trattamento dei dati sar\u00e0 effettuato in modo appropriato, in base alle normative sulla protezione dei dati in vigore nei paesi corrispondenti. Queste informazioni saranno disponibili sul sito web.<\/p>\n\n\n\n<p>La trasmissione di dati all&#8217;interno di un GRUPPO AZIENDALE per scopi amministrativi, lavorativi o commerciali non \u00e8 considerata un trasferimento di dati ai DESTINATARI, pertanto non sar\u00e0 obbligatorio riportarlo nell&#8217;informativa fornita al SOGGETTO DEI DATI. L&#8217;elenco delle aziende del gruppo sar\u00e0 riportato in un documento separato sul sito web o in qualche sezione dello stesso.<\/p>\n\n\n\n<p><strong>Diritti dell&#8217;utente:<\/strong> diritto di revocare il consenso in qualsiasi momento. Diritto di accesso, rettifica, portabilit\u00e0 e cancellazione dei propri dati e limitazione o opposizione al loro trattamento. Diritto di presentare un reclamo all&#8217;Autorit\u00e0 di vigilanza spagnola (www.aepd.es) se si ritiene che il trattamento non sia conforme alla normativa vigente.<\/p>\n\n\n\n<p><strong>Informazioni di contatto per esercitare i propri diritti:<\/strong> <a href=\"mailto:dataprotection@healthcademia.com\">dataprotection@healthcademia.com<\/a>.<\/p>\n\n\n\n<div style=\"height:64px\" aria-hidden=\"true\" class=\"wp-block-spacer\"><\/div>\n","protected":false},"excerpt":{"rendered":"<p>CONSENSO AL TRATTAMENTO DEI DATI PERSONALI AGORA BIDCO \u00e8 il Titolare del trattamento dei dati personali dell&#8217;Utente e lo informa che tali dati saranno trattati in conformit\u00e0 alle disposizioni del Regolamento (UE) 2016\/679 del 27 aprile (GDPR) e della Legge Organica 3\/2018 del 5 dicembre (LOPDGDD), fornendo le seguenti informazioni sul trattamento: Finalit\u00e0 e legittimazione [&hellip;]<\/p>\n","protected":false},"author":3,"featured_media":0,"parent":0,"menu_order":0,"comment_status":"closed","ping_status":"closed","template":"","meta":{"_acf_changed":false,"_monsterinsights_skip_tracking":false,"_monsterinsights_sitenote_active":false,"_monsterinsights_sitenote_note":"","_monsterinsights_sitenote_category":0,"footnotes":""},"class_list":["post-2495","page","type-page","status-publish","hentry"],"acf":[],"yoast_head":"<!-- This site is optimized with the Yoast SEO plugin v27.4 - https:\/\/yoast.com\/product\/yoast-seo-wordpress\/ -->\n<title>Termini di Uso - Healthcademia<\/title>\n<meta name=\"robots\" content=\"index, follow, max-snippet:-1, max-image-preview:large, max-video-preview:-1\" \/>\n<link rel=\"canonical\" href=\"https:\/\/healthcademia.com\/it\/termini-di-uso\/\" \/>\n<meta property=\"og:locale\" content=\"it_IT\" \/>\n<meta property=\"og:type\" content=\"article\" \/>\n<meta property=\"og:title\" content=\"Termini di Uso - Healthcademia\" \/>\n<meta property=\"og:description\" content=\"CONSENSO AL TRATTAMENTO DEI DATI PERSONALI AGORA BIDCO \u00e8 il Titolare del trattamento dei dati personali dell&#8217;Utente e lo informa che tali dati saranno trattati in conformit\u00e0 alle disposizioni del Regolamento (UE) 2016\/679 del 27 aprile (GDPR) e della Legge Organica 3\/2018 del 5 dicembre (LOPDGDD), fornendo le seguenti informazioni sul trattamento: Finalit\u00e0 e legittimazione [&hellip;]\" \/>\n<meta property=\"og:url\" content=\"https:\/\/healthcademia.com\/it\/termini-di-uso\/\" \/>\n<meta property=\"og:site_name\" content=\"Healthcademia\" \/>\n<meta property=\"article:modified_time\" content=\"2024-01-29T18:14:06+00:00\" \/>\n<meta name=\"twitter:card\" content=\"summary_large_image\" \/>\n<meta name=\"twitter:label1\" content=\"Tempo di lettura stimato\" \/>\n\t<meta name=\"twitter:data1\" content=\"2 minuti\" \/>\n<script type=\"application\/ld+json\" class=\"yoast-schema-graph\">{\"@context\":\"https:\\\/\\\/schema.org\",\"@graph\":[{\"@type\":\"WebPage\",\"@id\":\"https:\\\/\\\/healthcademia.com\\\/it\\\/termini-di-uso\\\/\",\"url\":\"https:\\\/\\\/healthcademia.com\\\/it\\\/termini-di-uso\\\/\",\"name\":\"Termini di Uso - Healthcademia\",\"isPartOf\":{\"@id\":\"https:\\\/\\\/healthcademia.com\\\/#website\"},\"datePublished\":\"2023-10-18T14:12:47+00:00\",\"dateModified\":\"2024-01-29T18:14:06+00:00\",\"breadcrumb\":{\"@id\":\"https:\\\/\\\/healthcademia.com\\\/it\\\/termini-di-uso\\\/#breadcrumb\"},\"inLanguage\":\"it-IT\",\"potentialAction\":[{\"@type\":\"ReadAction\",\"target\":[\"https:\\\/\\\/healthcademia.com\\\/it\\\/termini-di-uso\\\/\"]}]},{\"@type\":\"BreadcrumbList\",\"@id\":\"https:\\\/\\\/healthcademia.com\\\/it\\\/termini-di-uso\\\/#breadcrumb\",\"itemListElement\":[{\"@type\":\"ListItem\",\"position\":1,\"name\":\"Home\",\"item\":\"https:\\\/\\\/healthcademia.com\\\/it\\\/\"},{\"@type\":\"ListItem\",\"position\":2,\"name\":\"Termini di Uso\"}]},{\"@type\":\"WebSite\",\"@id\":\"https:\\\/\\\/healthcademia.com\\\/#website\",\"url\":\"https:\\\/\\\/healthcademia.com\\\/\",\"name\":\"Healthcademia\",\"description\":\"\",\"publisher\":{\"@id\":\"https:\\\/\\\/healthcademia.com\\\/#organization\"},\"potentialAction\":[{\"@type\":\"SearchAction\",\"target\":{\"@type\":\"EntryPoint\",\"urlTemplate\":\"https:\\\/\\\/healthcademia.com\\\/?s={search_term_string}\"},\"query-input\":{\"@type\":\"PropertyValueSpecification\",\"valueRequired\":true,\"valueName\":\"search_term_string\"}}],\"inLanguage\":\"it-IT\"},{\"@type\":\"Organization\",\"@id\":\"https:\\\/\\\/healthcademia.com\\\/#organization\",\"name\":\"Healthcademia\",\"url\":\"https:\\\/\\\/healthcademia.com\\\/\",\"logo\":{\"@type\":\"ImageObject\",\"inLanguage\":\"it-IT\",\"@id\":\"https:\\\/\\\/healthcademia.com\\\/#\\\/schema\\\/logo\\\/image\\\/\",\"url\":\"https:\\\/\\\/healthcademia.com\\\/wp-content\\\/uploads\\\/2023\\\/08\\\/healthcademia-color-positivo.png\",\"contentUrl\":\"https:\\\/\\\/healthcademia.com\\\/wp-content\\\/uploads\\\/2023\\\/08\\\/healthcademia-color-positivo.png\",\"width\":1807,\"height\":661,\"caption\":\"Healthcademia\"},\"image\":{\"@id\":\"https:\\\/\\\/healthcademia.com\\\/#\\\/schema\\\/logo\\\/image\\\/\"}}]}<\/script>\n<!-- \/ Yoast SEO plugin. -->","yoast_head_json":{"title":"Termini di Uso - Healthcademia","robots":{"index":"index","follow":"follow","max-snippet":"max-snippet:-1","max-image-preview":"max-image-preview:large","max-video-preview":"max-video-preview:-1"},"canonical":"https:\/\/healthcademia.com\/it\/termini-di-uso\/","og_locale":"it_IT","og_type":"article","og_title":"Termini di Uso - Healthcademia","og_description":"CONSENSO AL TRATTAMENTO DEI DATI PERSONALI AGORA BIDCO \u00e8 il Titolare del trattamento dei dati personali dell&#8217;Utente e lo informa che tali dati saranno trattati in conformit\u00e0 alle disposizioni del Regolamento (UE) 2016\/679 del 27 aprile (GDPR) e della Legge Organica 3\/2018 del 5 dicembre (LOPDGDD), fornendo le seguenti informazioni sul trattamento: Finalit\u00e0 e legittimazione [&hellip;]","og_url":"https:\/\/healthcademia.com\/it\/termini-di-uso\/","og_site_name":"Healthcademia","article_modified_time":"2024-01-29T18:14:06+00:00","twitter_card":"summary_large_image","twitter_misc":{"Tempo di lettura stimato":"2 minuti"},"schema":{"@context":"https:\/\/schema.org","@graph":[{"@type":"WebPage","@id":"https:\/\/healthcademia.com\/it\/termini-di-uso\/","url":"https:\/\/healthcademia.com\/it\/termini-di-uso\/","name":"Termini di Uso - Healthcademia","isPartOf":{"@id":"https:\/\/healthcademia.com\/#website"},"datePublished":"2023-10-18T14:12:47+00:00","dateModified":"2024-01-29T18:14:06+00:00","breadcrumb":{"@id":"https:\/\/healthcademia.com\/it\/termini-di-uso\/#breadcrumb"},"inLanguage":"it-IT","potentialAction":[{"@type":"ReadAction","target":["https:\/\/healthcademia.com\/it\/termini-di-uso\/"]}]},{"@type":"BreadcrumbList","@id":"https:\/\/healthcademia.com\/it\/termini-di-uso\/#breadcrumb","itemListElement":[{"@type":"ListItem","position":1,"name":"Home","item":"https:\/\/healthcademia.com\/it\/"},{"@type":"ListItem","position":2,"name":"Termini di Uso"}]},{"@type":"WebSite","@id":"https:\/\/healthcademia.com\/#website","url":"https:\/\/healthcademia.com\/","name":"Healthcademia","description":"","publisher":{"@id":"https:\/\/healthcademia.com\/#organization"},"potentialAction":[{"@type":"SearchAction","target":{"@type":"EntryPoint","urlTemplate":"https:\/\/healthcademia.com\/?s={search_term_string}"},"query-input":{"@type":"PropertyValueSpecification","valueRequired":true,"valueName":"search_term_string"}}],"inLanguage":"it-IT"},{"@type":"Organization","@id":"https:\/\/healthcademia.com\/#organization","name":"Healthcademia","url":"https:\/\/healthcademia.com\/","logo":{"@type":"ImageObject","inLanguage":"it-IT","@id":"https:\/\/healthcademia.com\/#\/schema\/logo\/image\/","url":"https:\/\/healthcademia.com\/wp-content\/uploads\/2023\/08\/healthcademia-color-positivo.png","contentUrl":"https:\/\/healthcademia.com\/wp-content\/uploads\/2023\/08\/healthcademia-color-positivo.png","width":1807,"height":661,"caption":"Healthcademia"},"image":{"@id":"https:\/\/healthcademia.com\/#\/schema\/logo\/image\/"}}]}},"_links":{"self":[{"href":"https:\/\/healthcademia.com\/it\/wp-json\/wp\/v2\/pages\/2495","targetHints":{"allow":["GET"]}}],"collection":[{"href":"https:\/\/healthcademia.com\/it\/wp-json\/wp\/v2\/pages"}],"about":[{"href":"https:\/\/healthcademia.com\/it\/wp-json\/wp\/v2\/types\/page"}],"author":[{"embeddable":true,"href":"https:\/\/healthcademia.com\/it\/wp-json\/wp\/v2\/users\/3"}],"replies":[{"embeddable":true,"href":"https:\/\/healthcademia.com\/it\/wp-json\/wp\/v2\/comments?post=2495"}],"version-history":[{"count":1,"href":"https:\/\/healthcademia.com\/it\/wp-json\/wp\/v2\/pages\/2495\/revisions"}],"predecessor-version":[{"id":2907,"href":"https:\/\/healthcademia.com\/it\/wp-json\/wp\/v2\/pages\/2495\/revisions\/2907"}],"wp:attachment":[{"href":"https:\/\/healthcademia.com\/it\/wp-json\/wp\/v2\/media?parent=2495"}],"curies":[{"name":"wp","href":"https:\/\/api.w.org\/{rel}","templated":true}]}}