{"id":3945,"date":"2025-11-03T12:46:44","date_gmt":"2025-11-03T12:46:44","guid":{"rendered":"https:\/\/healthcademia.com\/?page_id=3945"},"modified":"2025-11-03T13:06:10","modified_gmt":"2025-11-03T13:06:10","slug":"avviso-legale","status":"publish","type":"page","link":"https:\/\/healthcademia.com\/it\/avviso-legale\/","title":{"rendered":"Avviso legale"},"content":{"rendered":"\t\t<div data-elementor-type=\"wp-page\" data-elementor-id=\"3945\" class=\"elementor elementor-3945 elementor-3937\" data-elementor-post-type=\"page\">\n\t\t\t\t\t\t<section class=\"elementor-section elementor-top-section elementor-element elementor-element-e0dd23b elementor-section-boxed elementor-section-height-default elementor-section-height-default\" data-id=\"e0dd23b\" data-element_type=\"section\" data-e-type=\"section\">\n\t\t\t\t\t\t<div class=\"elementor-container elementor-column-gap-default\">\n\t\t\t\t\t<div class=\"elementor-column elementor-col-100 elementor-top-column elementor-element elementor-element-2f4529b\" data-id=\"2f4529b\" data-element_type=\"column\" data-e-type=\"column\">\n\t\t\t<div class=\"elementor-widget-wrap elementor-element-populated\">\n\t\t\t\t\t\t<div class=\"elementor-element elementor-element-8730e3e elementor-widget elementor-widget-text-editor\" data-id=\"8730e3e\" data-element_type=\"widget\" data-e-type=\"widget\" data-widget_type=\"text-editor.default\">\n\t\t\t\t<div class=\"elementor-widget-container\">\n\t\t\t\t\t\t\t\t\t<p>Ti ringraziamo per aver scelto di visitarci. Desideriamo che la tua esperienza sul nostro sito Web sia la migliore possibile.<\/p><p>Per accedere ai nostri servizi, dichiari di essere <strong>maggiorenne<\/strong> e di avere la capacit\u00e0 legale sufficiente per utilizzare i nostri servizi, in conformit\u00e0 con la legislazione nazionale.<\/p><p>L\u2019accesso e la navigazione nel sito Web, o l\u2019utilizzo dei relativi servizi, implicano l\u2019accettazione espressa e integrale di tutte le presenti Condizioni Generali, comprese le Condizioni Particolari stabilite per determinate promozioni, nonch\u00e9 le Politiche sulla Privacy e sui Cookie, in conformit\u00e0 con la normativa vigente in materia di Protezione dei Dati Personali. Ti invitiamo a leggerle attentamente per conoscere quali dati vengono raccolti attraverso il nostro sito, per quali finalit\u00e0 e quali diritti ti riguardano.<\/p><p><strong>1.- Informazioni legali.<\/strong><\/p><p>In ottemperanza alla Legge 34\/2002 dell\u201911 luglio, sui Servizi della Societ\u00e0 dell\u2019Informazione e del Commercio Elettronico, i dati identificativi del titolare di questo sito Web sono:<\/p><p>AGORA BIDCO<\/p><p>NIF: 903524619<\/p><p>30-32 Boulevard de Vaugirard, 75015 Parigi<\/p><p>Il GRUPPO HEALTHCADEMIA \u00e8 composto dalle seguenti societ\u00e0:<\/p><table width=\"584\"><tbody><tr><td width=\"439\"><strong>RAGIONE SOCIALE<\/strong><\/td><td width=\"145\"><strong>PARTITA IVA \/ NIF<\/strong><\/td><\/tr><tr><td>Agora Bidco SAS<\/td><td>903524619<\/td><\/tr><tr><td>Amphi Holding SAS<\/td><td>817788201<\/td><\/tr><tr><td>Ecole d&#8217;Assas Ergoth\u00e9rapie SASU<\/td><td>819890484<\/td><\/tr><tr><td>Ecole d&#8217;Assas R\u00e9\u00e9ducation SASU<\/td><td>652051343<\/td><\/tr><tr><td>Institut Sup\u00e9rieur d&#8217;Optique de Bordeaux SASU<\/td><td>512132630<\/td><\/tr><tr><td>Institut Sup\u00e9rieur d&#8217;Optique de Lille SAS<\/td><td>520372996<\/td><\/tr><tr><td>Institut Sup\u00e9rieur d&#8217;Optique de Lyon SAS<\/td><td>433285384<\/td><\/tr><tr><td>Institut Sup\u00e9rieur d&#8217;Optique de Marseille SASU<\/td><td>490428778<\/td><\/tr><tr><td>Institut Sup\u00e9rieur d&#8217;Optique de Nancy SAS<\/td><td>499377836<\/td><\/tr><tr><td>Institut Sup\u00e9rieur d&#8217;Optique de Nantes SASU<\/td><td>448952705<\/td><\/tr><tr><td>Institut Sup\u00e9rieur d&#8217;Optique de Paris SASU<\/td><td>348065723<\/td><\/tr><tr><td>Institut Sup\u00e9rieur d&#8217;Optique de Rennes SAS<\/td><td>502195779<\/td><\/tr><tr><td>Institut Sup\u00e9rieur d&#8217;Optique de Toulouse SASU<\/td><td>432569267<\/td><\/tr><tr><td>Healthcademia France SAS<\/td><td>518405493<\/td><\/tr><tr><td>ISPS Formation Professionnelle SAS<\/td><td>493202733<\/td><\/tr><tr><td>French Graduate School Of Clinical Orthodontics SAS<\/td><td>838044139<\/td><\/tr><tr><td>Healthcademia Education Iberia, S.L.U.<\/td><td>B84697861<\/td><\/tr><tr><td>Inspira Network Group, S.L.U.<\/td><td>B87466405<\/td><\/tr><tr><td>EOM Formaci\u00f3n, S.L.U.<\/td><td>B90070160<\/td><\/tr><tr><td>Dentalliance IESO S.L<\/td><td>B84949536<\/td><\/tr><tr><td>Fundaci\u00f3n AMIR Educaci\u00f3n M\u00e9dica y Formaci\u00f3n Sanitaria<\/td><td>G860877079<\/td><\/tr><tr><td>Academia PNA Unipessoal LDA<\/td><td>PT515550558<\/td><\/tr><tr><td>AMIR Latam, S.L.U.<\/td><td>B88149844<\/td><\/tr><tr><td>AMIR BRASIL EM FORMA\u00c7\u00c3O PROFISSIONAL LTDA<\/td><td>46136969<\/td><\/tr><tr><td>REVALIDANDO EDUCA\u00c7\u00c3O LTDA<\/td><td>J 28.781.876\/0001-31<\/td><\/tr><tr><td>AMIR COLOMBIA SAS<\/td><td>901031938<\/td><\/tr><tr><td>ACADEMIA AMIR COSTA RICA SRL<\/td><td>3102748814<\/td><\/tr><tr><td>FUNDACION EDUCATIVA SAN JUDAS TADEO<\/td><td>3006078010<\/td><\/tr><tr><td>AMIR DOMINICANA SRL<\/td><td>131-83647-1<\/td><\/tr><tr><td>AAMIRECUADOR SA<\/td><td>1,79275E+12<\/td><\/tr><tr><td>ACADEMIA AMIR PERU SAC<\/td><td>20608280121<\/td><\/tr><tr><td>ACADEMIA MIR MEXICO SRL DE CV<\/td><td>AAM161018Q17<\/td><\/tr><tr><td>Accademia Artquiz S.R.L.<\/td><td>3076700305<\/td><\/tr><tr><td>Accademia Italiana Medici Specializzandi S.R.L.<\/td><td>7625410720<\/td><\/tr><tr><td>EOM Italia S.R.L.<\/td><td>4047250230<\/td><\/tr><tr><td>Healthcademia UK LTD<\/td><td>15556067<\/td><\/tr><tr><td>NBMED Medical Education PTY LTD<\/td><td>181412137<\/td><\/tr><\/tbody><\/table><p>Per qualsiasi domanda o richiesta di informazioni, puoi contattarci tramite e-mail al seguente indirizzo: <a href=\"mailto:dpo@healthcademia.com\">dpo@healthcademia.com<\/a><\/p><p>L\u2019accesso al sito implica l\u2019accettazione espressa da parte dell\u2019Utente delle presenti Condizioni Generali d\u2019Uso, che possono essere modificate, totalmente o parzialmente, o sostituite da altre in qualsiasi momento dal titolare, senza preavviso. Ti consigliamo di consultare periodicamente queste condizioni per verificare eventuali modifiche, che saranno pubblicate nella stessa sezione.<\/p><p><strong>2.- Condizioni generali d\u2019uso.<\/strong><\/p><p>Le seguenti Condizioni Generali regolano l\u2019uso e l\u2019accesso al portale Web, con l\u2019obiettivo di stabilire norme di buon comportamento e corretto utilizzo. HEALTHCADEMIA mette a disposizione degli utenti informazioni sull\u2019uso, i servizi e i contenuti ospitati nel sito. Attraverso il portale, l\u2019Utente pu\u00f2 accedere a informazioni su prodotti e servizi specifici, strumenti e applicazioni.<\/p><p>I dati e le informazioni relativi a prodotti o servizi, prezzi, caratteristiche o altri elementi pertinenti offerti tramite il sito Web sono forniti e aggiornati da fornitori e aziende terze. HEALTHCADEMIA non \u00e8 in alcun modo responsabile di tali dati e informazioni, n\u00e9 assume alcun obbligo in merito.<\/p><p>L\u2019Utente si impegna a utilizzare in modo appropriato i contenuti, i servizi, le applicazioni e gli strumenti accessibili, in conformit\u00e0 con la legge, con le presenti Condizioni Generali d\u2019Uso e, se del caso, con le Condizioni Particolari che possono essere stabilite per determinati servizi o applicazioni, rispettando in ogni momento gli altri Utenti.<\/p><p>In caso di violazione totale o parziale da parte dell\u2019Utente delle presenti Condizioni Generali d\u2019Uso, HEALTHCADEMIA si riserva il diritto di negare l\u2019accesso al sito, senza preavviso.<\/p><p><strong>3.- Obblighi generali dell\u2019Utente.<\/strong><\/p><p>Accettando le presenti Condizioni Generali d\u2019Uso, l\u2019Utente si impegna espressamente a:<\/p><p>&#8211; Non intraprendere alcuna azione volta a danneggiare, bloccare, deteriorare, disattivare o sovraccaricare, temporaneamente o permanentemente, le funzionalit\u00e0, gli strumenti, i contenuti e\/o l\u2019infrastruttura del sito Web, impedendone il normale utilizzo.<\/p><p>&#8211; Custodire e mantenere la riservatezza delle credenziali di accesso associate al proprio nome utente, essendo responsabile dell\u2019utilizzo di tali credenziali personali e non trasferibili da parte di terzi.<\/p><p>&#8211; Non introdurre n\u00e9 diffondere contenuti offensivi o diffamatori, sia verso altri Utenti che verso aziende terze estranee a HEALTHCADEMIA.<\/p><p>&#8211; Non utilizzare materiali o informazioni contenuti in questo sito Web per fini illeciti e\/o espressamente vietati nelle presenti Condizioni Generali d\u2019Uso, cos\u00ec come nelle condizioni particolari che possano essere stabilite per determinate applicazioni e\/o strumenti, e che siano contrari ai diritti e agli interessi di HEALTHCADEMIA, dei suoi utenti e\/o di terzi.<\/p><p>&#8211; Non offrire n\u00e9 distribuire prodotti o servizi, n\u00e9 realizzare pubblicit\u00e0 o comunicazioni commerciali non richieste ad altri Utenti o visitatori di HEALTHCADEMIA.<\/p><p>L\u2019Utente sar\u00e0 responsabile di tutti i danni e le perdite di qualsiasi natura che HEALTHCADEMIA o terzi possano subire a causa del mancato rispetto di una qualsiasi delle obbligazioni derivanti da queste \u201cCondizioni Generali d\u2019Uso\u201d o dalla legge, in relazione all\u2019accesso e\/o all\u2019utilizzo del sito Web.<\/p><p><strong>4.- Propriet\u00e0 intellettuale e industriale.<\/strong><\/p><p>Il sito Web, le sue pagine e le informazioni o elementi in esse contenuti (inclusi testi, documenti, fotografie, disegni, rappresentazioni grafiche, ecc.) sono di propriet\u00e0 di HEALTHCADEMIA o di terzi che ne hanno autorizzato l\u2019utilizzo. Allo stesso modo, loghi, marchi, nomi commerciali e altri segni distintivi sono protetti da diritti di propriet\u00e0 intellettuale e\/o industriale.<\/p><p>L\u2019Utente si impegna a utilizzare i contenuti in modo diligente e corretto, in conformit\u00e0 alla legge, alla morale e all\u2019ordine pubblico. HEALTHCADEMIA autorizza l\u2019Utente a visualizzare le informazioni contenute in questo sito Web, nonch\u00e9 a effettuare riproduzioni private (semplice attivit\u00e0 di download e archiviazione nei propri sistemi informatici), a condizione che gli elementi siano destinati esclusivamente all\u2019uso personale. In nessun caso ci\u00f2 implica un\u2019autorizzazione o licenza sui diritti di propriet\u00e0 di HEALTHCADEMIA o dei legittimi titolari.<\/p><p>L\u2019Utente non \u00e8 autorizzato a distribuire, modificare, cedere o comunicare pubblicamente le informazioni contenute in questo sito Web in qualsiasi forma e per qualsiasi scopo.<\/p><p><strong>5.- Collegamenti (link).<\/strong><\/p><p>I collegamenti e i link a siti Web di terze parti sono forniti esclusivamente per comodit\u00e0 dell\u2019Utente. HEALTHCADEMIA non \u00e8 in alcun modo responsabile di essi o dei loro contenuti.<\/p><p>HEALTHCADEMIA non assume alcuna responsabilit\u00e0 derivante dall\u2019esistenza di collegamenti tra i contenuti di questo sito e contenuti situati al di fuori di esso, n\u00e9 per eventuali riferimenti a contenuti esterni. Tali collegamenti o riferimenti hanno esclusivamente scopo informativo e non implicano in alcun modo approvazione, sponsorizzazione, commercializzazione o relazione di qualsiasi tipo tra HEALTHCADEMIA e gli autori, i gestori o i titolari di tali contenuti o siti.<\/p><p>Per creare collegamenti al sito Web \u00e8 necessaria l\u2019autorizzazione espressa e scritta dei titolari del portale.<\/p><p><strong>6.- Responsabilit\u00e0.<\/strong><\/p><p>HEALTHCADEMIA non garantisce l\u2019accesso continuo, la corretta visualizzazione, il download o l\u2019utilit\u00e0 degli elementi e delle informazioni contenute nelle pagine del portale, che possono essere ostacolati, interrotti o influenzati da fattori o circostanze al di fuori del suo controllo, n\u00e9 da quelli causati dalla presenza di virus informatici su Internet.<\/p><p>HEALTHCADEMIA non assume alcuna responsabilit\u00e0 per danni, perdite, reclami o spese causati da:<\/p><p>(i) Interferenze, interruzioni, guasti, omissioni, ritardi, blocchi o disconnessioni dovuti a errori nelle linee e nelle reti di telecomunicazione o per qualsiasi altra causa al di fuori del controllo di HEALTHCADEMIA;<br \/>(ii) Intrusioni illegittime mediante l\u2019uso di programmi dannosi di qualsiasi tipo e attraverso qualsiasi mezzo di comunicazione, come virus informatici o altri;<br \/>(iii) Uso improprio o inadeguato del sito Web di HEALTHCADEMIA;<br \/>(iv) Errori di sicurezza o di navigazione causati da malfunzionamento del browser o dall\u2019utilizzo di versioni non aggiornate.<\/p><p>HEALTHCADEMIA non \u00e8 responsabile, n\u00e9 in alcun caso risponder\u00e0 nei confronti degli utenti o di terzi, per atti di terze parti estranee a HEALTHCADEMIA che comportino o possano comportare atti di concorrenza sleale, pubblicit\u00e0 illecita o violazione dei diritti di propriet\u00e0 intellettuale e industriale, dei segreti commerciali, degli impegni contrattuali di qualsiasi tipo, dei diritti all\u2019onore, alla privacy personale e familiare, all\u2019immagine, dei diritti di propriet\u00e0 o di qualsiasi altra natura appartenenti a terzi, derivanti dalla trasmissione, diffusione, messa a disposizione o accesso ai contenuti.<\/p><p><strong>7.- Protezione dei dati personali.<\/strong><\/p><p>L\u2019intera politica di trattamento dei dati personali \u00e8 disponibile nella nostra Informativa sulla Privacy, che costituisce parte integrante delle presenti Condizioni Generali, ma che per semplicit\u00e0 abbiamo inserito in un documento separato: <a href=\"https:\/\/healthcademia.com\/it\/informativa-sulla-privacy\/\"><u>Informativa sulla Privacy<\/u><\/a>.<\/p><p><strong>8.- Legislazione applicabile.<\/strong><\/p><p>Il presente Avviso Legale e i relativi termini e condizioni saranno regolati e interpretati in conformit\u00e0 alla legislazione spagnola. L\u2019utente, semplicemente accedendo al sito Web o ottenendo la qualifica di utente registrato, acconsente irrevocabilmente alla competenza dei tribunali competenti per conoscere qualsiasi azione legale derivante o correlata alle presenti condizioni o all\u2019utilizzo del sito.<\/p><p>Se una qualsiasi clausola o sezione delle presenti Condizioni Generali, non essenziale per la loro esistenza, fosse dichiarata nulla o inapplicabile, la validit\u00e0 delle restanti clausole non ne sar\u00e0 influenzata.<\/p>\t\t\t\t\t\t\t\t<\/div>\n\t\t\t\t<\/div>\n\t\t\t\t\t<\/div>\n\t\t<\/div>\n\t\t\t\t\t<\/div>\n\t\t<\/section>\n\t\t\t\t<\/div>\n\t\t","protected":false},"excerpt":{"rendered":"<p>Ti ringraziamo per aver scelto di visitarci. Desideriamo che la tua esperienza sul nostro sito Web sia la migliore possibile. Per accedere ai nostri servizi, dichiari di essere maggiorenne e di avere la capacit\u00e0 legale sufficiente per utilizzare i nostri servizi, in conformit\u00e0 con la legislazione nazionale. L\u2019accesso e la navigazione nel sito Web, o [&hellip;]<\/p>\n","protected":false},"author":7,"featured_media":0,"parent":0,"menu_order":0,"comment_status":"closed","ping_status":"closed","template":"","meta":{"_acf_changed":false,"_monsterinsights_skip_tracking":false,"_monsterinsights_sitenote_active":false,"_monsterinsights_sitenote_note":"","_monsterinsights_sitenote_category":0,"footnotes":""},"class_list":["post-3945","page","type-page","status-publish","hentry"],"acf":[],"yoast_head":"<!-- This site is optimized with the Yoast SEO plugin v27.4 - https:\/\/yoast.com\/product\/yoast-seo-wordpress\/ -->\n<title>Avviso legale - Healthcademia<\/title>\n<meta name=\"robots\" content=\"index, follow, max-snippet:-1, max-image-preview:large, max-video-preview:-1\" \/>\n<link rel=\"canonical\" href=\"https:\/\/healthcademia.com\/it\/avviso-legale\/\" \/>\n<meta property=\"og:locale\" content=\"it_IT\" \/>\n<meta property=\"og:type\" content=\"article\" \/>\n<meta property=\"og:title\" content=\"Avviso legale - Healthcademia\" \/>\n<meta property=\"og:description\" content=\"Ti ringraziamo per aver scelto di visitarci. Desideriamo che la tua esperienza sul nostro sito Web sia la migliore possibile. Per accedere ai nostri servizi, dichiari di essere maggiorenne e di avere la capacit\u00e0 legale sufficiente per utilizzare i nostri servizi, in conformit\u00e0 con la legislazione nazionale. L\u2019accesso e la navigazione nel sito Web, o [&hellip;]\" \/>\n<meta property=\"og:url\" content=\"https:\/\/healthcademia.com\/it\/avviso-legale\/\" \/>\n<meta property=\"og:site_name\" content=\"Healthcademia\" \/>\n<meta property=\"article:modified_time\" content=\"2025-11-03T13:06:10+00:00\" \/>\n<meta name=\"twitter:card\" content=\"summary_large_image\" \/>\n<meta name=\"twitter:label1\" content=\"Tempo di lettura stimato\" \/>\n\t<meta name=\"twitter:data1\" content=\"8 minuti\" \/>\n<script type=\"application\/ld+json\" class=\"yoast-schema-graph\">{\"@context\":\"https:\\\/\\\/schema.org\",\"@graph\":[{\"@type\":\"WebPage\",\"@id\":\"https:\\\/\\\/healthcademia.com\\\/it\\\/avviso-legale\\\/\",\"url\":\"https:\\\/\\\/healthcademia.com\\\/it\\\/avviso-legale\\\/\",\"name\":\"Avviso legale - Healthcademia\",\"isPartOf\":{\"@id\":\"https:\\\/\\\/healthcademia.com\\\/#website\"},\"datePublished\":\"2025-11-03T12:46:44+00:00\",\"dateModified\":\"2025-11-03T13:06:10+00:00\",\"breadcrumb\":{\"@id\":\"https:\\\/\\\/healthcademia.com\\\/it\\\/avviso-legale\\\/#breadcrumb\"},\"inLanguage\":\"it-IT\",\"potentialAction\":[{\"@type\":\"ReadAction\",\"target\":[\"https:\\\/\\\/healthcademia.com\\\/it\\\/avviso-legale\\\/\"]}]},{\"@type\":\"BreadcrumbList\",\"@id\":\"https:\\\/\\\/healthcademia.com\\\/it\\\/avviso-legale\\\/#breadcrumb\",\"itemListElement\":[{\"@type\":\"ListItem\",\"position\":1,\"name\":\"Home\",\"item\":\"https:\\\/\\\/healthcademia.com\\\/it\\\/\"},{\"@type\":\"ListItem\",\"position\":2,\"name\":\"Avviso legale\"}]},{\"@type\":\"WebSite\",\"@id\":\"https:\\\/\\\/healthcademia.com\\\/#website\",\"url\":\"https:\\\/\\\/healthcademia.com\\\/\",\"name\":\"Healthcademia\",\"description\":\"\",\"publisher\":{\"@id\":\"https:\\\/\\\/healthcademia.com\\\/#organization\"},\"potentialAction\":[{\"@type\":\"SearchAction\",\"target\":{\"@type\":\"EntryPoint\",\"urlTemplate\":\"https:\\\/\\\/healthcademia.com\\\/?s={search_term_string}\"},\"query-input\":{\"@type\":\"PropertyValueSpecification\",\"valueRequired\":true,\"valueName\":\"search_term_string\"}}],\"inLanguage\":\"it-IT\"},{\"@type\":\"Organization\",\"@id\":\"https:\\\/\\\/healthcademia.com\\\/#organization\",\"name\":\"Healthcademia\",\"url\":\"https:\\\/\\\/healthcademia.com\\\/\",\"logo\":{\"@type\":\"ImageObject\",\"inLanguage\":\"it-IT\",\"@id\":\"https:\\\/\\\/healthcademia.com\\\/#\\\/schema\\\/logo\\\/image\\\/\",\"url\":\"https:\\\/\\\/healthcademia.com\\\/wp-content\\\/uploads\\\/2023\\\/08\\\/healthcademia-color-positivo.png\",\"contentUrl\":\"https:\\\/\\\/healthcademia.com\\\/wp-content\\\/uploads\\\/2023\\\/08\\\/healthcademia-color-positivo.png\",\"width\":1807,\"height\":661,\"caption\":\"Healthcademia\"},\"image\":{\"@id\":\"https:\\\/\\\/healthcademia.com\\\/#\\\/schema\\\/logo\\\/image\\\/\"}}]}<\/script>\n<!-- \/ Yoast SEO plugin. -->","yoast_head_json":{"title":"Avviso legale - Healthcademia","robots":{"index":"index","follow":"follow","max-snippet":"max-snippet:-1","max-image-preview":"max-image-preview:large","max-video-preview":"max-video-preview:-1"},"canonical":"https:\/\/healthcademia.com\/it\/avviso-legale\/","og_locale":"it_IT","og_type":"article","og_title":"Avviso legale - Healthcademia","og_description":"Ti ringraziamo per aver scelto di visitarci. Desideriamo che la tua esperienza sul nostro sito Web sia la migliore possibile. Per accedere ai nostri servizi, dichiari di essere maggiorenne e di avere la capacit\u00e0 legale sufficiente per utilizzare i nostri servizi, in conformit\u00e0 con la legislazione nazionale. L\u2019accesso e la navigazione nel sito Web, o [&hellip;]","og_url":"https:\/\/healthcademia.com\/it\/avviso-legale\/","og_site_name":"Healthcademia","article_modified_time":"2025-11-03T13:06:10+00:00","twitter_card":"summary_large_image","twitter_misc":{"Tempo di lettura stimato":"8 minuti"},"schema":{"@context":"https:\/\/schema.org","@graph":[{"@type":"WebPage","@id":"https:\/\/healthcademia.com\/it\/avviso-legale\/","url":"https:\/\/healthcademia.com\/it\/avviso-legale\/","name":"Avviso legale - Healthcademia","isPartOf":{"@id":"https:\/\/healthcademia.com\/#website"},"datePublished":"2025-11-03T12:46:44+00:00","dateModified":"2025-11-03T13:06:10+00:00","breadcrumb":{"@id":"https:\/\/healthcademia.com\/it\/avviso-legale\/#breadcrumb"},"inLanguage":"it-IT","potentialAction":[{"@type":"ReadAction","target":["https:\/\/healthcademia.com\/it\/avviso-legale\/"]}]},{"@type":"BreadcrumbList","@id":"https:\/\/healthcademia.com\/it\/avviso-legale\/#breadcrumb","itemListElement":[{"@type":"ListItem","position":1,"name":"Home","item":"https:\/\/healthcademia.com\/it\/"},{"@type":"ListItem","position":2,"name":"Avviso legale"}]},{"@type":"WebSite","@id":"https:\/\/healthcademia.com\/#website","url":"https:\/\/healthcademia.com\/","name":"Healthcademia","description":"","publisher":{"@id":"https:\/\/healthcademia.com\/#organization"},"potentialAction":[{"@type":"SearchAction","target":{"@type":"EntryPoint","urlTemplate":"https:\/\/healthcademia.com\/?s={search_term_string}"},"query-input":{"@type":"PropertyValueSpecification","valueRequired":true,"valueName":"search_term_string"}}],"inLanguage":"it-IT"},{"@type":"Organization","@id":"https:\/\/healthcademia.com\/#organization","name":"Healthcademia","url":"https:\/\/healthcademia.com\/","logo":{"@type":"ImageObject","inLanguage":"it-IT","@id":"https:\/\/healthcademia.com\/#\/schema\/logo\/image\/","url":"https:\/\/healthcademia.com\/wp-content\/uploads\/2023\/08\/healthcademia-color-positivo.png","contentUrl":"https:\/\/healthcademia.com\/wp-content\/uploads\/2023\/08\/healthcademia-color-positivo.png","width":1807,"height":661,"caption":"Healthcademia"},"image":{"@id":"https:\/\/healthcademia.com\/#\/schema\/logo\/image\/"}}]}},"_links":{"self":[{"href":"https:\/\/healthcademia.com\/it\/wp-json\/wp\/v2\/pages\/3945","targetHints":{"allow":["GET"]}}],"collection":[{"href":"https:\/\/healthcademia.com\/it\/wp-json\/wp\/v2\/pages"}],"about":[{"href":"https:\/\/healthcademia.com\/it\/wp-json\/wp\/v2\/types\/page"}],"author":[{"embeddable":true,"href":"https:\/\/healthcademia.com\/it\/wp-json\/wp\/v2\/users\/7"}],"replies":[{"embeddable":true,"href":"https:\/\/healthcademia.com\/it\/wp-json\/wp\/v2\/comments?post=3945"}],"version-history":[{"count":4,"href":"https:\/\/healthcademia.com\/it\/wp-json\/wp\/v2\/pages\/3945\/revisions"}],"predecessor-version":[{"id":3970,"href":"https:\/\/healthcademia.com\/it\/wp-json\/wp\/v2\/pages\/3945\/revisions\/3970"}],"wp:attachment":[{"href":"https:\/\/healthcademia.com\/it\/wp-json\/wp\/v2\/media?parent=3945"}],"curies":[{"name":"wp","href":"https:\/\/api.w.org\/{rel}","templated":true}]}}